{"id":143,"date":"2021-12-16T13:30:28","date_gmt":"2021-12-16T13:30:28","guid":{"rendered":"https:\/\/centrodelavision.cl\/sn\/about\/"},"modified":"2022-06-24T02:35:25","modified_gmt":"2022-06-24T02:35:25","slug":"quienes-somos","status":"publish","type":"page","link":"https:\/\/centrodelavision.cl\/sn\/quienes-somos\/","title":{"rendered":"QUI\u00c9NES SOMOS"},"content":{"rendered":"<section class=\"wpb-content-wrapper\"><p>[vc_row video_bg=\u00bbyes\u00bb video_bg_url=\u00bbhttps:\/\/centrodelavision.cl\/videos\/video1.mp4&#8243; rsclass=\u00bbclean\u00bb el_class=\u00bbcontainer\u00bb][vc_column video_bg=\u00bbyes\u00bb video_bg_url=\u00bbhttps:\/\/centrodelavision.cl\/videos\/video1.mp4&#8243; rsclass=\u00bbclean\u00bb][vc_row_inner rsclass=\u00bbclean\u00bb el_class=\u00bbrow\u00bb][vc_column_inner el_class=\u00bbcol-lg-6 text-center text-lg-left pr-md-4&#8243; width=\u00bb1\/2&#8243; rsclass=\u00bbclean\u00bb][vc_column_text rsclass=\u00bbclean\u00bb]<\/p>\n<p style=\"text-align: left;\">Centro de la Visi\u00f3n nace con la convicci\u00f3n de crear un centro de vanguardia oftalmol\u00f3gica a nivel nacional e internacional. Para ello se reuni\u00f3 a un <a href=\"https:\/\/centrodelavision.cl\/sn\/equipo-medico\/\" target=\"_blank\" rel=\"noopener\">selecto grupo de especialistas<\/a> de las cl\u00ednicas y hospitales m\u00e1s importantes de nuestro pa\u00eds.<\/p>\n<p style=\"text-align: left;\">Los\u00a0 oftalm\u00f3logos que conforman el equipo de nuestro centro, abarcan todas las subespecialidades dentro de la oftalmolog\u00eda y se caracterizan por una destacada trayectoria nacional y en el extranjero, con formaci\u00f3n en los m\u00e1s prestigiosos centros a nivel internacional.<\/p>\n<p><strong>\u00a1Los invitamos a ver la diferencia!<\/strong><\/p>\n<ul class=\"marker-list-md\">\n<li style=\"text-align: left;\"><svg class=\"icon icon-check-mark-1\" version=\"1.1\" xmlns=\"http:\/\/www.w3.org\/2000\/svg\" width=\"32\" height=\"32\" viewBox=\"0 0 32 32\"><path d=\"M14.485 26.841c-1.451 1.451-3.805 1.451-5.255 0l-8.142-8.142c-1.451-1.45-1.451-3.804 0-5.254s3.804-1.451 5.255 0l4.851 4.85c0.366 0.366 0.961 0.366 1.328 0l13.135-13.135c1.45-1.451 3.804-1.451 5.255 0 0.697 0.697 1.088 1.642 1.088 2.627s-0.391 1.93-1.088 2.627l-16.427 16.427z\"><\/path><\/svg>Cirug\u00eda de cataratas<\/li>\n<li style=\"text-align: left;\"><svg class=\"icon icon-check-mark-1\" version=\"1.1\" xmlns=\"http:\/\/www.w3.org\/2000\/svg\" width=\"32\" height=\"32\" viewBox=\"0 0 32 32\"><path d=\"M14.485 26.841c-1.451 1.451-3.805 1.451-5.255 0l-8.142-8.142c-1.451-1.45-1.451-3.804 0-5.254s3.804-1.451 5.255 0l4.851 4.85c0.366 0.366 0.961 0.366 1.328 0l13.135-13.135c1.45-1.451 3.804-1.451 5.255 0 0.697 0.697 1.088 1.642 1.088 2.627s-0.391 1.93-1.088 2.627l-16.427 16.427z\"><\/path><\/svg>Cirug\u00eda reconstructiva de segmento anterior<\/li>\n<li style=\"text-align: left;\"><svg class=\"icon icon-check-mark-1\" version=\"1.1\" xmlns=\"http:\/\/www.w3.org\/2000\/svg\" width=\"32\" height=\"32\" viewBox=\"0 0 32 32\"><path d=\"M14.485 26.841c-1.451 1.451-3.805 1.451-5.255 0l-8.142-8.142c-1.451-1.45-1.451-3.804 0-5.254s3.804-1.451 5.255 0l4.851 4.85c0.366 0.366 0.961 0.366 1.328 0l13.135-13.135c1.45-1.451 3.804-1.451 5.255 0 0.697 0.697 1.088 1.642 1.088 2.627s-0.391 1.93-1.088 2.627l-16.427 16.427z\"><\/path><\/svg>\u00d3rbita y v\u00eda lagrimal<\/li>\n<li style=\"text-align: left;\"><svg class=\"icon icon-check-mark-1\" version=\"1.1\" xmlns=\"http:\/\/www.w3.org\/2000\/svg\" width=\"32\" height=\"32\" viewBox=\"0 0 32 32\"><path d=\"M14.485 26.841c-1.451 1.451-3.805 1.451-5.255 0l-8.142-8.142c-1.451-1.45-1.451-3.804 0-5.254s3.804-1.451 5.255 0l4.851 4.85c0.366 0.366 0.961 0.366 1.328 0l13.135-13.135c1.45-1.451 3.804-1.451 5.255 0 0.697 0.697 1.088 1.642 1.088 2.627s-0.391 1.93-1.088 2.627l-16.427 16.427z\"><\/path><\/svg>Cirug\u00eda palpebral: cirug\u00eda est\u00e9tica y reconstructiva<\/li>\n<li style=\"text-align: left;\"><svg class=\"icon icon-check-mark-1\" version=\"1.1\" xmlns=\"http:\/\/www.w3.org\/2000\/svg\" width=\"32\" height=\"32\" viewBox=\"0 0 32 32\"><path d=\"M14.485 26.841c-1.451 1.451-3.805 1.451-5.255 0l-8.142-8.142c-1.451-1.45-1.451-3.804 0-5.254s3.804-1.451 5.255 0l4.851 4.85c0.366 0.366 0.961 0.366 1.328 0l13.135-13.135c1.45-1.451 3.804-1.451 5.255 0 0.697 0.697 1.088 1.642 1.088 2.627s-0.391 1.93-1.088 2.627l-16.427 16.427z\"><\/path><\/svg>Enfermedades de la retina: M\u00e1cula \u2013\u00a0 Diabetes \u2013 Enfermedad vasculares retinales<\/li>\n<li style=\"text-align: left;\"><svg class=\"icon icon-check-mark-1\" version=\"1.1\" xmlns=\"http:\/\/www.w3.org\/2000\/svg\" width=\"32\" height=\"32\" viewBox=\"0 0 32 32\"><path d=\"M14.485 26.841c-1.451 1.451-3.805 1.451-5.255 0l-8.142-8.142c-1.451-1.45-1.451-3.804 0-5.254s3.804-1.451 5.255 0l4.851 4.85c0.366 0.366 0.961 0.366 1.328 0l13.135-13.135c1.45-1.451 3.804-1.451 5.255 0 0.697 0.697 1.088 1.642 1.088 2.627s-0.391 1.93-1.088 2.627l-16.427 16.427z\"><\/path><\/svg>Cirug\u00eda de v\u00edtreo y retina<\/li>\n<li style=\"text-align: left;\"><svg class=\"icon icon-check-mark-1\" version=\"1.1\" xmlns=\"http:\/\/www.w3.org\/2000\/svg\" width=\"32\" height=\"32\" viewBox=\"0 0 32 32\"><path d=\"M14.485 26.841c-1.451 1.451-3.805 1.451-5.255 0l-8.142-8.142c-1.451-1.45-1.451-3.804 0-5.254s3.804-1.451 5.255 0l4.851 4.85c0.366 0.366 0.961 0.366 1.328 0l13.135-13.135c1.45-1.451 3.804-1.451 5.255 0 0.697 0.697 1.088 1.642 1.088 2.627s-0.391 1.93-1.088 2.627l-16.427 16.427z\"><\/path><\/svg>Enfermedades gen\u00e9ticas oculares<\/li>\n<li style=\"text-align: left;\"><svg class=\"icon icon-check-mark-1\" version=\"1.1\" xmlns=\"http:\/\/www.w3.org\/2000\/svg\" width=\"32\" height=\"32\" viewBox=\"0 0 32 32\"><path d=\"M14.485 26.841c-1.451 1.451-3.805 1.451-5.255 0l-8.142-8.142c-1.451-1.45-1.451-3.804 0-5.254s3.804-1.451 5.255 0l4.851 4.85c0.366 0.366 0.961 0.366 1.328 0l13.135-13.135c1.45-1.451 3.804-1.451 5.255 0 0.697 0.697 1.088 1.642 1.088 2.627s-0.391 1.93-1.088 2.627l-16.427 16.427z\"><\/path><\/svg>Neurooftalmolog\u00eda<\/li>\n<li style=\"text-align: left;\"><svg class=\"icon icon-check-mark-1\" version=\"1.1\" xmlns=\"http:\/\/www.w3.org\/2000\/svg\" width=\"32\" height=\"32\" viewBox=\"0 0 32 32\"><path d=\"M14.485 26.841c-1.451 1.451-3.805 1.451-5.255 0l-8.142-8.142c-1.451-1.45-1.451-3.804 0-5.254s3.804-1.451 5.255 0l4.851 4.85c0.366 0.366 0.961 0.366 1.328 0l13.135-13.135c1.45-1.451 3.804-1.451 5.255 0 0.697 0.697 1.088 1.642 1.088 2.627s-0.391 1.93-1.088 2.627l-16.427 16.427z\"><\/path><\/svg>Enfermedades inflamatorias oculares y uve\u00edtis<\/li>\n<li style=\"text-align: left;\"><svg class=\"icon icon-check-mark-1\" version=\"1.1\" xmlns=\"http:\/\/www.w3.org\/2000\/svg\" width=\"32\" height=\"32\" viewBox=\"0 0 32 32\"><path d=\"M14.485 26.841c-1.451 1.451-3.805 1.451-5.255 0l-8.142-8.142c-1.451-1.45-1.451-3.804 0-5.254s3.804-1.451 5.255 0l4.851 4.85c0.366 0.366 0.961 0.366 1.328 0l13.135-13.135c1.45-1.451 3.804-1.451 5.255 0 0.697 0.697 1.088 1.642 1.088 2.627s-0.391 1.93-1.088 2.627l-16.427 16.427z\"><\/path><\/svg>Enfermedades y cirug\u00eda de la c\u00f3rnea<\/li>\n<li style=\"text-align: left;\"><svg class=\"icon icon-check-mark-1\" version=\"1.1\" xmlns=\"http:\/\/www.w3.org\/2000\/svg\" width=\"32\" height=\"32\" viewBox=\"0 0 32 32\"><path d=\"M14.485 26.841c-1.451 1.451-3.805 1.451-5.255 0l-8.142-8.142c-1.451-1.45-1.451-3.804 0-5.254s3.804-1.451 5.255 0l4.851 4.85c0.366 0.366 0.961 0.366 1.328 0l13.135-13.135c1.45-1.451 3.804-1.451 5.255 0 0.697 0.697 1.088 1.642 1.088 2.627s-0.391 1.93-1.088 2.627l-16.427 16.427z\"><\/path><\/svg>Glaucoma<\/li>\n<li style=\"text-align: left;\"><svg class=\"icon icon-check-mark-1\" version=\"1.1\" xmlns=\"http:\/\/www.w3.org\/2000\/svg\" width=\"32\" height=\"32\" viewBox=\"0 0 32 32\"><path d=\"M14.485 26.841c-1.451 1.451-3.805 1.451-5.255 0l-8.142-8.142c-1.451-1.45-1.451-3.804 0-5.254s3.804-1.451 5.255 0l4.851 4.85c0.366 0.366 0.961 0.366 1.328 0l13.135-13.135c1.45-1.451 3.804-1.451 5.255 0 0.697 0.697 1.088 1.642 1.088 2.627s-0.391 1.93-1.088 2.627l-16.427 16.427z\"><\/path><\/svg>Oncolog\u00eda ocular<\/li>\n<li style=\"text-align: left;\"><svg class=\"icon icon-check-mark-1\" version=\"1.1\" xmlns=\"http:\/\/www.w3.org\/2000\/svg\" width=\"32\" height=\"32\" viewBox=\"0 0 32 32\"><path d=\"M14.485 26.841c-1.451 1.451-3.805 1.451-5.255 0l-8.142-8.142c-1.451-1.45-1.451-3.804 0-5.254s3.804-1.451 5.255 0l4.851 4.85c0.366 0.366 0.961 0.366 1.328 0l13.135-13.135c1.45-1.451 3.804-1.451 5.255 0 0.697 0.697 1.088 1.642 1.088 2.627s-0.391 1.93-1.088 2.627l-16.427 16.427z\"><\/path><\/svg>Cirug\u00eda refractiva Lasik\/PRK\/SMILE<\/li>\n<li style=\"text-align: left;\"><svg class=\"icon icon-check-mark-1\" version=\"1.1\" xmlns=\"http:\/\/www.w3.org\/2000\/svg\" width=\"32\" height=\"32\" viewBox=\"0 0 32 32\"><path d=\"M14.485 26.841c-1.451 1.451-3.805 1.451-5.255 0l-8.142-8.142c-1.451-1.45-1.451-3.804 0-5.254s3.804-1.451 5.255 0l4.851 4.85c0.366 0.366 0.961 0.366 1.328 0l13.135-13.135c1.45-1.451 3.804-1.451 5.255 0 0.697 0.697 1.088 1.642 1.088 2.627s-0.391 1.93-1.088 2.627l-16.427 16.427z\"><\/path><\/svg>Cirug\u00eda refractiva con lentes intraoculares F\u00e1quicos, multifocales y de visi\u00f3n extendida.<\/li>\n<li style=\"text-align: left;\"><svg class=\"icon icon-check-mark-1\" version=\"1.1\" xmlns=\"http:\/\/www.w3.org\/2000\/svg\" width=\"32\" height=\"32\" viewBox=\"0 0 32 32\"><path d=\"M14.485 26.841c-1.451 1.451-3.805 1.451-5.255 0l-8.142-8.142c-1.451-1.45-1.451-3.804 0-5.254s3.804-1.451 5.255 0l4.851 4.85c0.366 0.366 0.961 0.366 1.328 0l13.135-13.135c1.45-1.451 3.804-1.451 5.255 0 0.697 0.697 1.088 1.642 1.088 2.627s-0.391 1.93-1.088 2.627l-16.427 16.427z\"><\/path><\/svg>Cirug\u00eda de Presbicia en casos calificados.<\/li>\n<\/ul>\n<div class=\"et_pb_module et_pb_text et_pb_text_4 et_pb_text_align_left et_pb_bg_layout_light\">\n<div class=\"et_pb_text_inner\">\n<p>&nbsp;<\/p>\n<\/div>\n<\/div>\n<p>[\/vc_column_text][\/vc_column_inner][vc_column_inner width=\u00bb1\/2&#8243;][vc_separator][vc_single_image image=\u00bb2271&#8243; img_size=\u00bbfull\u00bb onclick=\u00bbcustom_link\u00bb img_link_target=\u00bb_blank\u00bb css_animation=\u00bbbounceIn\u00bb rsclass=\u00bbclean\u00bb rs_image_class=\u00bbw-100&#8243; link=\u00bbhttps:\/\/centrodelavision.cl\/videos\/video1.mp4&#8243;][\/vc_single_image][vc_empty_space][vc_column_text]<\/p>\n<h5>Equipo M\u00e9dico<\/h5>\n<div class=\"mt-0 mt-md-4\"><\/div>\n<div class=\"et_pb_module et_pb_text et_pb_text_3 et_pb_text_align_left et_pb_bg_layout_light\">\n<div class=\"et_pb_text_inner\">\n<p>Nuestro <a href=\"https:\/\/centrodelavision.cl\/sn\/equipo-medico\/\" target=\"_blank\" rel=\"noopener\">equipo m\u00e9dico<\/a> esta conformado por una selecci\u00f3n de especialistas de las m\u00e1s prestigiosas cl\u00ednicas y hospitales de nuestro pa\u00eds, que tiene como objetivo com\u00fan entregar el mejor cuidado a tu visi\u00f3n, a trav\u00e9s de la una s\u00f3lida y reconocida trayectoria y experiencia.<\/p>\n<p>Los especialistas de Centro de la Visi\u00f3n abarcan todas las subespecialidades dentro de la oftalmolog\u00eda y gracias a su experiencia y m\u00e1ximo nivel de especializaci\u00f3n hacen que nuestro equipo sea la mejor alternativa para el cuidado de tu visi\u00f3n, desde problemas simples a los m\u00e1s complejos.<\/p>\n<\/div>\n<\/div>\n<div class=\"et_pb_module et_pb_text et_pb_text_4 et_pb_text_align_left et_pb_bg_layout_light\">\n<div class=\"et_pb_text_inner\">\n<p>Los invitamos a ver la diferencia.<\/p>\n<\/div>\n<\/div>\n<p>[\/vc_column_text][vc_empty_space][\/vc_column_inner][\/vc_row_inner][vc_row_inner rsclass=\u00bbclean\u00bb el_class=\u00bbrow no-gutters\u00bb][vc_column_inner el_class=\u00bbcol-lg-6 bg-grey\u00bb width=\u00bb1\/2&#8243; rsclass=\u00bbclean\u00bb rsinner=\u00bbmax-670 mx-lg-auto px-15&#8243;][vc_column_text rsclass=\u00bbclean\u00bb]<\/p>\n<div class=\"title-wrap\">\n<h4 class=\"h5\">Instituciones internacionales donde nuestros miembros han realizado entrenamiento formal de especializaci\u00f3n, Fellowship.<\/h4>\n<\/div>\n<div class=\"mt-lg-5\"><\/div>\n<div class=\"row\">\n<div class=\"col-sm-6\">\n<ul class=\"marker-list-md\">\n<li><svg class=\"icon icon-check-mark-1\" version=\"1.1\" xmlns=\"http:\/\/www.w3.org\/2000\/svg\" width=\"32\" height=\"32\" viewBox=\"0 0 32 32\"><path d=\"M14.485 26.841c-1.451 1.451-3.805 1.451-5.255 0l-8.142-8.142c-1.451-1.45-1.451-3.804 0-5.254s3.804-1.451 5.255 0l4.851 4.85c0.366 0.366 0.961 0.366 1.328 0l13.135-13.135c1.45-1.451 3.804-1.451 5.255 0 0.697 0.697 1.088 1.642 1.088 2.627s-0.391 1.93-1.088 2.627l-16.427 16.427z\"><\/path><\/svg>Moorfields Eye Hospital NHS Foundation Trust, Londres UK<\/li>\n<li><svg class=\"icon icon-check-mark-1\" version=\"1.1\" xmlns=\"http:\/\/www.w3.org\/2000\/svg\" width=\"32\" height=\"32\" viewBox=\"0 0 32 32\"><path d=\"M14.485 26.841c-1.451 1.451-3.805 1.451-5.255 0l-8.142-8.142c-1.451-1.45-1.451-3.804 0-5.254s3.804-1.451 5.255 0l4.851 4.85c0.366 0.366 0.961 0.366 1.328 0l13.135-13.135c1.45-1.451 3.804-1.451 5.255 0 0.697 0.697 1.088 1.642 1.088 2.627s-0.391 1.93-1.088 2.627l-16.427 16.427z\"><\/path><\/svg>Universty of Iowa Hospitals and Clinics, Iowa USA<\/li>\n<li><svg class=\"icon icon-check-mark-1\" version=\"1.1\" xmlns=\"http:\/\/www.w3.org\/2000\/svg\" width=\"32\" height=\"32\" viewBox=\"0 0 32 32\"><path d=\"M14.485 26.841c-1.451 1.451-3.805 1.451-5.255 0l-8.142-8.142c-1.451-1.45-1.451-3.804 0-5.254s3.804-1.451 5.255 0l4.851 4.85c0.366 0.366 0.961 0.366 1.328 0l13.135-13.135c1.45-1.451 3.804-1.451 5.255 0 0.697 0.697 1.088 1.642 1.088 2.627s-0.391 1.93-1.088 2.627l-16.427 16.427z\"><\/path><\/svg>Hunkeler Eye Center, University of Missouri, Missouri USA<\/li>\n<li><svg class=\"icon icon-check-mark-1\" version=\"1.1\" xmlns=\"http:\/\/www.w3.org\/2000\/svg\" width=\"32\" height=\"32\" viewBox=\"0 0 32 32\"><path d=\"M14.485 26.841c-1.451 1.451-3.805 1.451-5.255 0l-8.142-8.142c-1.451-1.45-1.451-3.804 0-5.254s3.804-1.451 5.255 0l4.851 4.85c0.366 0.366 0.961 0.366 1.328 0l13.135-13.135c1.45-1.451 3.804-1.451 5.255 0 0.697 0.697 1.088 1.642 1.088 2.627s-0.391 1.93-1.088 2.627l-16.427 16.427z\"><\/path><\/svg>Jules Stein Eye Institute, David Geffen School of Medicine, UCLA, California USA<\/li>\n<li><svg class=\"icon icon-check-mark-1\" version=\"1.1\" xmlns=\"http:\/\/www.w3.org\/2000\/svg\" width=\"32\" height=\"32\" viewBox=\"0 0 32 32\"><path d=\"M14.485 26.841c-1.451 1.451-3.805 1.451-5.255 0l-8.142-8.142c-1.451-1.45-1.451-3.804 0-5.254s3.804-1.451 5.255 0l4.851 4.85c0.366 0.366 0.961 0.366 1.328 0l13.135-13.135c1.45-1.451 3.804-1.451 5.255 0 0.697 0.697 1.088 1.642 1.088 2.627s-0.391 1.93-1.088 2.627l-16.427 16.427z\"><\/path><\/svg>Cincinnati Eye Institute, Ohio USA<\/li>\n<li><svg class=\"icon icon-check-mark-1\" version=\"1.1\" xmlns=\"http:\/\/www.w3.org\/2000\/svg\" width=\"32\" height=\"32\" viewBox=\"0 0 32 32\"><path d=\"M14.485 26.841c-1.451 1.451-3.805 1.451-5.255 0l-8.142-8.142c-1.451-1.45-1.451-3.804 0-5.254s3.804-1.451 5.255 0l4.851 4.85c0.366 0.366 0.961 0.366 1.328 0l13.135-13.135c1.45-1.451 3.804-1.451 5.255 0 0.697 0.697 1.088 1.642 1.088 2.627s-0.391 1.93-1.088 2.627l-16.427 16.427z\"><\/path><\/svg>Institut de L\u2019oeil, University of Ottawa, Ottawa Canada<\/li>\n<li><svg class=\"icon icon-check-mark-1\" version=\"1.1\" xmlns=\"http:\/\/www.w3.org\/2000\/svg\" width=\"32\" height=\"32\" viewBox=\"0 0 32 32\"><path d=\"M14.485 26.841c-1.451 1.451-3.805 1.451-5.255 0l-8.142-8.142c-1.451-1.45-1.451-3.804 0-5.254s3.804-1.451 5.255 0l4.851 4.85c0.366 0.366 0.961 0.366 1.328 0l13.135-13.135c1.45-1.451 3.804-1.451 5.255 0 0.697 0.697 1.088 1.642 1.088 2.627s-0.391 1.93-1.088 2.627l-16.427 16.427z\"><\/path><\/svg>Sunnybrook Health Science Centre, University of Toronto, Toronto Canad\u00e1<\/li>\n<\/ul>\n<\/div>\n<div class=\"col-sm-6 mt-2 mt-sm-0\">\n<ul class=\"marker-list-md\">\n<li><svg class=\"icon icon-check-mark-1\" version=\"1.1\" xmlns=\"http:\/\/www.w3.org\/2000\/svg\" width=\"32\" height=\"32\" viewBox=\"0 0 32 32\"><path d=\"M14.485 26.841c-1.451 1.451-3.805 1.451-5.255 0l-8.142-8.142c-1.451-1.45-1.451-3.804 0-5.254s3.804-1.451 5.255 0l4.851 4.85c0.366 0.366 0.961 0.366 1.328 0l13.135-13.135c1.45-1.451 3.804-1.451 5.255 0 0.697 0.697 1.088 1.642 1.088 2.627s-0.391 1.93-1.088 2.627l-16.427 16.427z\"><\/path><\/svg>Credit Valley Hospital, University of Toronto, Missaussaga Canad\u00e1<\/li>\n<li><svg class=\"icon icon-check-mark-1\" version=\"1.1\" xmlns=\"http:\/\/www.w3.org\/2000\/svg\" width=\"32\" height=\"32\" viewBox=\"0 0 32 32\"><path d=\"M14.485 26.841c-1.451 1.451-3.805 1.451-5.255 0l-8.142-8.142c-1.451-1.45-1.451-3.804 0-5.254s3.804-1.451 5.255 0l4.851 4.85c0.366 0.366 0.961 0.366 1.328 0l13.135-13.135c1.45-1.451 3.804-1.451 5.255 0 0.697 0.697 1.088 1.642 1.088 2.627s-0.391 1.93-1.088 2.627l-16.427 16.427z\"><\/path><\/svg>Edward Harkness Eye Institue, Columbia University, New York USA<\/li>\n<li><svg class=\"icon icon-check-mark-1\" version=\"1.1\" xmlns=\"http:\/\/www.w3.org\/2000\/svg\" width=\"32\" height=\"32\" viewBox=\"0 0 32 32\"><path d=\"M14.485 26.841c-1.451 1.451-3.805 1.451-5.255 0l-8.142-8.142c-1.451-1.45-1.451-3.804 0-5.254s3.804-1.451 5.255 0l4.851 4.85c0.366 0.366 0.961 0.366 1.328 0l13.135-13.135c1.45-1.451 3.804-1.451 5.255 0 0.697 0.697 1.088 1.642 1.088 2.627s-0.391 1.93-1.088 2.627l-16.427 16.427z\"><\/path><\/svg>Wills Eye Hospital, Filadelfia USA<\/li>\n<li><svg class=\"icon icon-check-mark-1\" version=\"1.1\" xmlns=\"http:\/\/www.w3.org\/2000\/svg\" width=\"32\" height=\"32\" viewBox=\"0 0 32 32\"><path d=\"M14.485 26.841c-1.451 1.451-3.805 1.451-5.255 0l-8.142-8.142c-1.451-1.45-1.451-3.804 0-5.254s3.804-1.451 5.255 0l4.851 4.85c0.366 0.366 0.961 0.366 1.328 0l13.135-13.135c1.45-1.451 3.804-1.451 5.255 0 0.697 0.697 1.088 1.642 1.088 2.627s-0.391 1.93-1.088 2.627l-16.427 16.427z\"><\/path><\/svg>Rotkreuz Krankenhaus, Munich Alemania<\/li>\n<li><svg class=\"icon icon-check-mark-1\" version=\"1.1\" xmlns=\"http:\/\/www.w3.org\/2000\/svg\" width=\"32\" height=\"32\" viewBox=\"0 0 32 32\"><path d=\"M14.485 26.841c-1.451 1.451-3.805 1.451-5.255 0l-8.142-8.142c-1.451-1.45-1.451-3.804 0-5.254s3.804-1.451 5.255 0l4.851 4.85c0.366 0.366 0.961 0.366 1.328 0l13.135-13.135c1.45-1.451 3.804-1.451 5.255 0 0.697 0.697 1.088 1.642 1.088 2.627s-0.391 1.93-1.088 2.627l-16.427 16.427z\"><\/path><\/svg>Hermann Eye Center, University of Texas at Houston, Texas USA<\/li>\n<li><svg class=\"icon icon-check-mark-1\" version=\"1.1\" xmlns=\"http:\/\/www.w3.org\/2000\/svg\" width=\"32\" height=\"32\" viewBox=\"0 0 32 32\"><path d=\"M14.485 26.841c-1.451 1.451-3.805 1.451-5.255 0l-8.142-8.142c-1.451-1.45-1.451-3.804 0-5.254s3.804-1.451 5.255 0l4.851 4.85c0.366 0.366 0.961 0.366 1.328 0l13.135-13.135c1.45-1.451 3.804-1.451 5.255 0 0.697 0.697 1.088 1.642 1.088 2.627s-0.391 1.93-1.088 2.627l-16.427 16.427z\"><\/path><\/svg>Wilmer Eye Center, John Hopkins University, Baltimore USA<\/li>\n<li><svg class=\"icon icon-check-mark-1\" version=\"1.1\" xmlns=\"http:\/\/www.w3.org\/2000\/svg\" width=\"32\" height=\"32\" viewBox=\"0 0 32 32\"><path d=\"M14.485 26.841c-1.451 1.451-3.805 1.451-5.255 0l-8.142-8.142c-1.451-1.45-1.451-3.804 0-5.254s3.804-1.451 5.255 0l4.851 4.85c0.366 0.366 0.961 0.366 1.328 0l13.135-13.135c1.45-1.451 3.804-1.451 5.255 0 0.697 0.697 1.088 1.642 1.088 2.627s-0.391 1.93-1.088 2.627l-16.427 16.427z\"><\/path><\/svg>Institut de Microcirugia Ocular (IMO), Barcelona Espa\u00f1a<\/li>\n<\/ul>\n<\/div>\n<\/div>\n<p>[\/vc_column_text][\/vc_column_inner][\/vc_row_inner][\/vc_column][\/vc_row][vc_column rsclass=\u00bbclean\u00bb el_class=\u00bbcontainer\u00bb][\/vc_column][vc_column_inner el_class=\u00bbtitle-wrap text-center\u00bb rsclass=\u00bbclean\u00bb][\/vc_column_inner]<\/p>\n<\/section>","protected":false},"excerpt":{"rendered":"<p>[vc_row video_bg=\u00bbyes\u00bb video_bg_url=\u00bbhttps:\/\/centrodelavision.cl\/videos\/video1.mp4&#8243; rsclass=\u00bbclean\u00bb el_class=\u00bbcontainer\u00bb][vc_column video_bg=\u00bbyes\u00bb video_bg_url=\u00bbhttps:\/\/centrodelavision.cl\/videos\/video1.mp4&#8243; rsclass=\u00bbclean\u00bb][vc_row_inner rsclass=\u00bbclean\u00bb el_class=\u00bbrow\u00bb][vc_column_inner el_class=\u00bbcol-lg-6 text-center text-lg-left pr-md-4&#8243; width=\u00bb1\/2&#8243; rsclass=\u00bbclean\u00bb][vc_column_text rsclass=\u00bbclean\u00bb] Centro de la Visi\u00f3n nace con la convicci\u00f3n de crear un centro de vanguardia oftalmol\u00f3gica a nivel nacional e internacional. Para ello se reuni\u00f3 a un selecto grupo de especialistas de las cl\u00ednicas y hospitales m\u00e1s importantes de <\/p>\n<div class=\"btn-more-wrapper\"><a href=\"https:\/\/centrodelavision.cl\/sn\/quienes-somos\/\" class=\"btn btn-sm btn-hover-fill\"><svg class=\"icon icon-right-arrow\" version=\"1.1\" xmlns=\"http:\/\/www.w3.org\/2000\/svg\" width=\"32\" height=\"32\" viewBox=\"0 0 32 32\"><path d=\"M21.548 5.088c-0.436-0.451-1.162-0.451-1.613 0-0.436 0.436-0.436 1.162 0 1.596l8.177 8.177h-26.984c-0.629 0.001-1.129 0.501-1.129 1.13s0.5 1.145 1.129 1.145h26.984l-8.177 8.162c-0.436 0.451-0.436 1.178 0 1.613 0.451 0.451 1.178 0.451 1.613 0l10.113-10.113c0.451-0.436 0.451-1.162 0-1.596l-10.113-10.114z\"><\/path><\/svg>Read More<span class=\"screen-reader-text\"> \u00abQUI\u00c9NES SOMOS\u00bb<\/span><svg class=\"icon icon-right-arrow\" version=\"1.1\" xmlns=\"http:\/\/www.w3.org\/2000\/svg\" width=\"32\" height=\"32\" viewBox=\"0 0 32 32\"><path d=\"M21.548 5.088c-0.436-0.451-1.162-0.451-1.613 0-0.436 0.436-0.436 1.162 0 1.596l8.177 8.177h-26.984c-0.629 0.001-1.129 0.501-1.129 1.13s0.5 1.145 1.129 1.145h26.984l-8.177 8.162c-0.436 0.451-0.436 1.178 0 1.613 0.451 0.451 1.178 0.451 1.613 0l10.113-10.113c0.451-0.436 0.451-1.162 0-1.596l-10.113-10.114z\"><\/path><\/svg><\/a><\/div>\n","protected":false},"author":1,"featured_media":1884,"parent":0,"menu_order":0,"comment_status":"closed","ping_status":"closed","template":"custompagett.php","meta":{"_monsterinsights_skip_tracking":false,"_monsterinsights_sitenote_active":false,"_monsterinsights_sitenote_note":"","_monsterinsights_sitenote_category":0,"footnotes":""},"class_list":["post-143","page","type-page","status-publish","has-post-thumbnail","hentry"],"aioseo_notices":[],"_links":{"self":[{"href":"https:\/\/centrodelavision.cl\/sn\/wp-json\/wp\/v2\/pages\/143","targetHints":{"allow":["GET"]}}],"collection":[{"href":"https:\/\/centrodelavision.cl\/sn\/wp-json\/wp\/v2\/pages"}],"about":[{"href":"https:\/\/centrodelavision.cl\/sn\/wp-json\/wp\/v2\/types\/page"}],"author":[{"embeddable":true,"href":"https:\/\/centrodelavision.cl\/sn\/wp-json\/wp\/v2\/users\/1"}],"replies":[{"embeddable":true,"href":"https:\/\/centrodelavision.cl\/sn\/wp-json\/wp\/v2\/comments?post=143"}],"version-history":[{"count":27,"href":"https:\/\/centrodelavision.cl\/sn\/wp-json\/wp\/v2\/pages\/143\/revisions"}],"predecessor-version":[{"id":3538,"href":"https:\/\/centrodelavision.cl\/sn\/wp-json\/wp\/v2\/pages\/143\/revisions\/3538"}],"wp:featuredmedia":[{"embeddable":true,"href":"https:\/\/centrodelavision.cl\/sn\/wp-json\/wp\/v2\/media\/1884"}],"wp:attachment":[{"href":"https:\/\/centrodelavision.cl\/sn\/wp-json\/wp\/v2\/media?parent=143"}],"curies":[{"name":"wp","href":"https:\/\/api.w.org\/{rel}","templated":true}]}}