{"id":2329,"date":"2021-12-31T07:31:24","date_gmt":"2021-12-31T07:31:24","guid":{"rendered":"https:\/\/centrodelavision.cl\/sn\/?page_id=2329"},"modified":"2025-06-13T13:47:58","modified_gmt":"2025-06-13T13:47:58","slug":"dr-juan-jose-mura-castro","status":"publish","type":"page","link":"https:\/\/centrodelavision.cl\/sn\/dr-juan-jose-mura-castro\/","title":{"rendered":"DR. JUAN JOSE MURA"},"content":{"rendered":"<section class=\"wpb-content-wrapper\"><p>[vc_row rsclass=\u00bbclean\u00bb el_class=\u00bbrow\u00bb][vc_column width=\u00bb1\/4&#8243; rsclass=\u00bbclean\u00bb el_class=\u00bbcol-md\u00bb][vc_single_image image=\u00bb4150&#8243; img_size=\u00bbfull\u00bb style=\u00bbvc_box_border_circle_2&#8243; border_color=\u00bbpeacoc\u00bb rsclass=\u00bbclean\u00bb el_class=\u00bbdoctor-page-photo text-center tt_pt_3&#8243; rs_image_class=\u00bbimg-fluid\u00bb][\/vc_single_image][vc_column_text rsclass=\u00bbclean\u00bb]<\/p>\n<table class=\"table table-bordered doctor-page-table\" style=\"height: 397px;\" width=\"498\">\n<tbody>\n<tr>\n<td><\/td>\n<td>\n<ul class=\"circle-list\">\n<li><svg class=\"icon icon-check-mark-1\" version=\"1.1\" xmlns=\"http:\/\/www.w3.org\/2000\/svg\" width=\"32\" height=\"32\" viewBox=\"0 0 32 32\"><path d=\"M14.485 26.841c-1.451 1.451-3.805 1.451-5.255 0l-8.142-8.142c-1.451-1.45-1.451-3.804 0-5.254s3.804-1.451 5.255 0l4.851 4.85c0.366 0.366 0.961 0.366 1.328 0l13.135-13.135c1.45-1.451 3.804-1.451 5.255 0 0.697 0.697 1.088 1.642 1.088 2.627s-0.391 1.93-1.088 2.627l-16.427 16.427z\"><\/path><\/svg>Cataratas<\/li>\n<li><svg class=\"icon icon-check-mark-1\" version=\"1.1\" xmlns=\"http:\/\/www.w3.org\/2000\/svg\" width=\"32\" height=\"32\" viewBox=\"0 0 32 32\"><path d=\"M14.485 26.841c-1.451 1.451-3.805 1.451-5.255 0l-8.142-8.142c-1.451-1.45-1.451-3.804 0-5.254s3.804-1.451 5.255 0l4.851 4.85c0.366 0.366 0.961 0.366 1.328 0l13.135-13.135c1.45-1.451 3.804-1.451 5.255 0 0.697 0.697 1.088 1.642 1.088 2.627s-0.391 1.93-1.088 2.627l-16.427 16.427z\"><\/path><\/svg>Cirug\u00eda reconstructiva de segmento anterior<\/li>\n<li><svg class=\"icon icon-check-mark-1\" version=\"1.1\" xmlns=\"http:\/\/www.w3.org\/2000\/svg\" width=\"32\" height=\"32\" viewBox=\"0 0 32 32\"><path d=\"M14.485 26.841c-1.451 1.451-3.805 1.451-5.255 0l-8.142-8.142c-1.451-1.45-1.451-3.804 0-5.254s3.804-1.451 5.255 0l4.851 4.85c0.366 0.366 0.961 0.366 1.328 0l13.135-13.135c1.45-1.451 3.804-1.451 5.255 0 0.697 0.697 1.088 1.642 1.088 2.627s-0.391 1.93-1.088 2.627l-16.427 16.427z\"><\/path><\/svg>Glaucoma<\/li>\n<li><svg class=\"icon icon-check-mark-1\" version=\"1.1\" xmlns=\"http:\/\/www.w3.org\/2000\/svg\" width=\"32\" height=\"32\" viewBox=\"0 0 32 32\"><path d=\"M14.485 26.841c-1.451 1.451-3.805 1.451-5.255 0l-8.142-8.142c-1.451-1.45-1.451-3.804 0-5.254s3.804-1.451 5.255 0l4.851 4.85c0.366 0.366 0.961 0.366 1.328 0l13.135-13.135c1.45-1.451 3.804-1.451 5.255 0 0.697 0.697 1.088 1.642 1.088 2.627s-0.391 1.93-1.088 2.627l-16.427 16.427z\"><\/path><\/svg>Cirug\u00eda refractiva LASIK\/PRK<\/li>\n<li><svg class=\"icon icon-check-mark-1\" version=\"1.1\" xmlns=\"http:\/\/www.w3.org\/2000\/svg\" width=\"32\" height=\"32\" viewBox=\"0 0 32 32\"><path d=\"M14.485 26.841c-1.451 1.451-3.805 1.451-5.255 0l-8.142-8.142c-1.451-1.45-1.451-3.804 0-5.254s3.804-1.451 5.255 0l4.851 4.85c0.366 0.366 0.961 0.366 1.328 0l13.135-13.135c1.45-1.451 3.804-1.451 5.255 0 0.697 0.697 1.088 1.642 1.088 2.627s-0.391 1.93-1.088 2.627l-16.427 16.427z\"><\/path><\/svg>Cirug\u00eda refractiva: lentes intraoculares f\u00e1quicos, multifocales, t\u00f3ricos<\/li>\n<li><strong><span style=\"color: #1e3994;\">Valor Consulta Particular: $ 105.000.-<\/span><\/strong><\/li>\n<li><span style=\"color: #1e3994;\"><strong>Valor Isapres sin convenio<\/strong><\/span><strong><span style=\"color: #1e3994;\">\u00a0$ 90.000.-<\/span><\/strong><\/li>\n<li><span style=\"color: #26a7eb;\"><strong>Atiende pacientes desde los 14 a\u00f1os.\u00a0<\/strong><\/span><\/li>\n<\/ul>\n<\/td>\n<\/tr>\n<tr>\n<td><\/td>\n<td><\/td>\n<\/tr>\n<tr>\n<td><\/td>\n<td><\/td>\n<\/tr>\n<\/tbody>\n<\/table>\n<p>[\/vc_column_text][vc_row_inner][vc_column_inner][vc_btn title=\u00bbRESERVAR HORA\u00bb style=\u00bbflat\u00bb color=\u00bbpeacoc\u00bb size=\u00bbxs\u00bb align=\u00bbcenter\u00bb i_icon_fontawesome=\u00bbfar fa-calendar-check\u00bb button_block=\u00bbtrue\u00bb add_icon=\u00bbtrue\u00bb link=\u00bburl:https%3A%2F%2Fcev.medinetapp.com%2Fagendaweb%2Fplanned%2F|target:_blank\u00bb][\/vc_column_inner][\/vc_row_inner][\/vc_column][vc_column width=\u00bb3\/4&#8243; rsclass=\u00bbclean\u00bb el_class=\u00bbcol-lg-8 mt-4 mt-lg-0&#8243;][vc_column_text rsclass=\u00bbclean\u00bb]<\/p>\n<div class=\"doctor-info mb-4\">\n<div class=\"doctor-info-name\">\n<h6>M\u00e9dico Cirujano<\/h6>\n<\/div>\n<div class=\"doctor-info-phone\"><svg class=\"icon icon-telephone-1\" version=\"1.1\" xmlns=\"http:\/\/www.w3.org\/2000\/svg\" width=\"32\" height=\"32\" viewBox=\"0 0 32 32\"><path d=\"M23.467 19.2c-2.133 2.133-2.133 4.267-4.267 4.267s-4.267-2.133-6.4-4.267c-2.133-2.133-4.267-4.267-4.267-6.4s2.133-2.133 4.267-4.267-4.267-8.533-6.4-8.533-6.4 6.4-6.4 6.4c0 4.267 4.383 12.917 8.533 17.067s12.8 8.533 17.067 8.533c0 0 6.4-4.267 6.4-6.4s-6.4-8.533-8.533-6.4z\"><\/path><\/svg><a href=\"tel:56233030000\">23 30 30000<\/a><\/div>\n<div class=\"doctor-info-social\"><a title=\"\"  href=\"\/\/www.facebook.com\" class=\"hovicon\"><svg class=\"icon icon-facebook-logo\" version=\"1.1\" xmlns=\"http:\/\/www.w3.org\/2000\/svg\" width=\"33\" height=\"32\" viewBox=\"0 0 33 32\"><path d=\"M24.249 0.506l-4.020-0.006c-4.516 0-7.435 2.994-7.435 7.629v3.518h-4.042c-0.349 0-0.632 0.283-0.632 0.632v5.097c0 0.349 0.283 0.632 0.632 0.632h4.042v12.86c0 0.349 0.283 0.632 0.632 0.632h5.274c0.349 0 0.632-0.283 0.632-0.632v-12.86h4.726c0.349 0 0.632-0.283 0.632-0.632l0.002-5.097c0-0.168-0.067-0.328-0.185-0.447s-0.28-0.185-0.447-0.185h-4.728v-2.982c0-1.433 0.342-2.161 2.209-2.161l2.708-0.001c0.349 0 0.632-0.283 0.632-0.632v-4.732c0-0.349-0.282-0.631-0.631-0.632z\"><\/path><\/svg><\/a><a title=\"\"  href=\"mailto:info@centrodelavision.cl\" class=\"hovicon\"><svg class=\"icon icon-black-envelope\" version=\"1.1\" xmlns=\"http:\/\/www.w3.org\/2000\/svg\" width=\"32\" height=\"32\" viewBox=\"0 0 32 32\"><path d=\"M2.531 6.124l11.526 9.13c0.523 0.414 1.243 0.597 1.942 0.563 0.698 0.034 1.419-0.148 1.941-0.563l11.526-9.13c0.924-0.727 0.715-1.323-0.457-1.323h-26.019c-1.173 0-1.382 0.596-0.461 1.323z\"><\/path><path d=\"M30.3 8.533l-12.596 9.563c-0.471 0.354-1.088 0.526-1.702 0.518-0.616 0.008-1.233-0.165-1.704-0.518l-12.598-9.563c-0.935-0.709-1.7-0.329-1.7 0.844v15.69c0 1.173 0.96 2.133 2.133 2.133h27.734c1.173 0 2.133-0.96 2.133-2.133v-15.69c0-1.173-0.765-1.553-1.7-0.844z\"><\/path><\/svg><\/a><\/div>\n<\/div>\n<p>M\u00e9dico de la Pontificia Universidad Cat\u00f3lica de Chile, Oftalm\u00f3logo de la Facultad de Medicina de la Universidad de Chile.<\/p>\n<p>Fellowship en Glaucoma de la Facultad de Medicina de la Universidad de Toronto, Canad\u00e1. Fellowship en Glaucoma y Cirug\u00eda Avanzada de Segmento Anterior de la Facultad de Medicina de la Universidad de Toronto, Canad\u00e1.<\/p>\n<p>Magister en Administraci\u00f3n en Salud de las Facultades de Medicina y Administraci\u00f3n de la Pontificia Universidad Cat\u00f3lica de Chile.<\/p>\n<p>Diploma en Teor\u00eda y Cr\u00edtica de Cine de la Facultad de Filosof\u00eda de la Pontificia Universidad Cat\u00f3lica de Chile.<\/p>\n<ul class=\"circle-list\">\n<li><svg class=\"icon icon-check-mark-1\" version=\"1.1\" xmlns=\"http:\/\/www.w3.org\/2000\/svg\" width=\"32\" height=\"32\" viewBox=\"0 0 32 32\"><path d=\"M14.485 26.841c-1.451 1.451-3.805 1.451-5.255 0l-8.142-8.142c-1.451-1.45-1.451-3.804 0-5.254s3.804-1.451 5.255 0l4.851 4.85c0.366 0.366 0.961 0.366 1.328 0l13.135-13.135c1.45-1.451 3.804-1.451 5.255 0 0.697 0.697 1.088 1.642 1.088 2.627s-0.391 1.93-1.088 2.627l-16.427 16.427z\"><\/path><\/svg>Miembro Honorario Internacional del Consejo Argentino de Oftalmolog\u00eda (CAO)<\/li>\n<li><svg class=\"icon icon-check-mark-1\" version=\"1.1\" xmlns=\"http:\/\/www.w3.org\/2000\/svg\" width=\"32\" height=\"32\" viewBox=\"0 0 32 32\"><path d=\"M14.485 26.841c-1.451 1.451-3.805 1.451-5.255 0l-8.142-8.142c-1.451-1.45-1.451-3.804 0-5.254s3.804-1.451 5.255 0l4.851 4.85c0.366 0.366 0.961 0.366 1.328 0l13.135-13.135c1.45-1.451 3.804-1.451 5.255 0 0.697 0.697 1.088 1.642 1.088 2.627s-0.391 1.93-1.088 2.627l-16.427 16.427z\"><\/path><\/svg>Miembro de la Sociedad Latinoamericana de Glaucoma (SLAG)<\/li>\n<li><svg class=\"icon icon-check-mark-1\" version=\"1.1\" xmlns=\"http:\/\/www.w3.org\/2000\/svg\" width=\"32\" height=\"32\" viewBox=\"0 0 32 32\"><path d=\"M14.485 26.841c-1.451 1.451-3.805 1.451-5.255 0l-8.142-8.142c-1.451-1.45-1.451-3.804 0-5.254s3.804-1.451 5.255 0l4.851 4.85c0.366 0.366 0.961 0.366 1.328 0l13.135-13.135c1.45-1.451 3.804-1.451 5.255 0 0.697 0.697 1.088 1.642 1.088 2.627s-0.391 1.93-1.088 2.627l-16.427 16.427z\"><\/path><\/svg>Miembro de la European Glaucoma Society (EGS)<\/li>\n<li><svg class=\"icon icon-check-mark-1\" version=\"1.1\" xmlns=\"http:\/\/www.w3.org\/2000\/svg\" width=\"32\" height=\"32\" viewBox=\"0 0 32 32\"><path d=\"M14.485 26.841c-1.451 1.451-3.805 1.451-5.255 0l-8.142-8.142c-1.451-1.45-1.451-3.804 0-5.254s3.804-1.451 5.255 0l4.851 4.85c0.366 0.366 0.961 0.366 1.328 0l13.135-13.135c1.45-1.451 3.804-1.451 5.255 0 0.697 0.697 1.088 1.642 1.088 2.627s-0.391 1.93-1.088 2.627l-16.427 16.427z\"><\/path><\/svg>Delegado para Chile de la Asociaci\u00f3n Latinoamericana de Cirujanos de Catarata,<br \/>\nSegmento Anterior y Refractiva (ALACCSA-R)<\/li>\n<\/ul>\n<div class=\"mt-4 mt-lg-7\"><\/div>\n<p>[\/vc_column_text][vc_row_inner rsclass=\u00bbclean\u00bb rsinner=\u00bbpb-4 pb-lg-7&#8243; el_id=\u00bbtab1&#8243; el_class=\u00bbcollapse show\u00bb][vc_column_inner el_class=\u00bbrow row-sm-space\u00bb rsclass=\u00bbclean\u00bb][vc_single_image image=\u00bb4622&#8243; img_size=\u00bbfull\u00bb rsclass=\u00bbclean\u00bb el_class=\u00bbcol\u00bb rs_image_class=\u00bbimg-fluid\u00bb][\/vc_single_image][\/vc_column_inner][\/vc_row_inner][vc_column_text rsclass=\u00bbclean\u00bb][\/vc_column_text][\/vc_column][\/vc_row][vc_row rsclass=\u00bbclean\u00bb el_id=\u00bbmodalBookingForm\u00bb el_class=\u00bbmodal modal-form fade\u00bb][vc_column rsclass=\u00bbclean\u00bb el_class=\u00bbmodal-dialog\u00bb rsinner=\u00bbmodal-content\u00bb][vc_column_text rsclass=\u00bbclean\u00bb]<button class=\"close\" aria-label=\"Close\" data-dismiss=\"modal\"><svg class=\"icon icon-error\" version=\"1.1\" xmlns=\"http:\/\/www.w3.org\/2000\/svg\" width=\"32\" height=\"32\" viewBox=\"0 0 32 32\"><path d=\"M27.319 4.681c-6.241-6.241-16.396-6.242-22.638 0s-6.241 16.396 0 22.638 16.396 6.242 22.638 0c6.241-6.242 6.241-16.397 0-22.638zM22.312 22.312c-0.481 0.481-1.26 0.481-1.741 0l-4.571-4.571-4.789 4.789c-0.481 0.481-1.26 0.481-1.741 0s-0.481-1.26 0-1.741l4.789-4.789-4.571-4.571c-0.481-0.481-0.481-1.261 0-1.741s1.26-0.481 1.741 0l4.571 4.571 4.353-4.353c0.481-0.481 1.26-0.481 1.741 0s0.481 1.26 0 1.741l-4.353 4.353 4.571 4.571c0.481 0.481 0.481 1.26 0 1.741z\"><\/path><\/svg><\/button>[\/vc_column_text][vc_row_inner rsclass=\u00bbclean\u00bb el_class=\u00bbmodal-body\u00bb][vc_column_inner el_class=\u00bbmodal-form\u00bb rsclass=\u00bbclean\u00bb][vc_custom_heading text=\u00bbBook an Appointment\u00bb font_container=\u00bbtag:h3|text_align:left\u00bb use_theme_fonts=\u00bbyes\u00bb rs_decor_place=\u00bb2&#8243;][\/vc_custom_heading]\n<div class=\"wpcf7 no-js\" id=\"wpcf7-f248-o1\" lang=\"en-US\" dir=\"ltr\" data-wpcf7-id=\"248\">\n<div class=\"screen-reader-response\"><p role=\"status\" aria-live=\"polite\" aria-atomic=\"true\"><\/p> <ul><\/ul><\/div>\n<form action=\"\/sn\/wp-json\/wp\/v2\/pages\/2329#wpcf7-f248-o1\" method=\"post\" class=\"wpcf7-form init\" aria-label=\"Contact form\" novalidate=\"novalidate\" data-status=\"init\">\n<fieldset class=\"hidden-fields-container\"><input type=\"hidden\" name=\"_wpcf7\" value=\"248\" \/><input type=\"hidden\" name=\"_wpcf7_version\" value=\"6.1.4\" \/><input type=\"hidden\" name=\"_wpcf7_locale\" value=\"en_US\" \/><input type=\"hidden\" name=\"_wpcf7_unit_tag\" value=\"wpcf7-f248-o1\" \/><input type=\"hidden\" name=\"_wpcf7_container_post\" value=\"0\" \/><input type=\"hidden\" name=\"_wpcf7_posted_data_hash\" value=\"\" \/>\n<\/fieldset>\n<div class=\"mt-15 contact-form contact7__custom-form questionForm modalBookingForm ws-form-icons\" id=\"bookingForm\">\n\t<div class=\"input-group\">\n\t\t<p><span><svg class=\"icon icon-user-3\" version=\"1.1\" xmlns=\"http:\/\/www.w3.org\/2000\/svg\" width=\"35\" height=\"32\" viewBox=\"0 0 35 32\"><path d=\"M33.25 16c0-8.822-7.178-16-16-16s-16 7.178-16 16c0 4.66 2.004 8.86 5.193 11.786l-0.015 0.013 0.519 0.438c0.034 0.029 0.070 0.052 0.104 0.080 0.276 0.229 0.561 0.446 0.852 0.656 0.094 0.068 0.188 0.136 0.284 0.202 0.311 0.214 0.63 0.417 0.955 0.61 0.071 0.042 0.143 0.083 0.214 0.123 0.357 0.203 0.721 0.394 1.094 0.57 0.027 0.013 0.055 0.024 0.083 0.037 1.215 0.565 2.513 0.98 3.87 1.225 0.036 0.006 0.071 0.013 0.107 0.019 0.421 0.073 0.847 0.131 1.278 0.17 0.052 0.005 0.105 0.008 0.158 0.012 0.429 0.035 0.863 0.058 1.303 0.058 0.436 0 0.866-0.023 1.293-0.057 0.054-0.005 0.108-0.008 0.162-0.012 0.428-0.039 0.85-0.095 1.267-0.167 0.036-0.006 0.073-0.013 0.109-0.020 1.336-0.24 2.615-0.645 3.815-1.196 0.044-0.020 0.089-0.040 0.133-0.061 0.359-0.169 0.71-0.351 1.054-0.545 0.086-0.048 0.17-0.097 0.255-0.147 0.313-0.184 0.621-0.377 0.92-0.582 0.108-0.073 0.213-0.151 0.319-0.227 0.255-0.184 0.506-0.374 0.75-0.572 0.054-0.044 0.112-0.081 0.165-0.126l0.532-0.445-0.016-0.013c3.217-2.928 5.24-7.147 5.24-11.831zM2.414 16c0-8.181 6.655-14.836 14.836-14.836s14.836 6.655 14.836 14.836c0 4.408-1.935 8.372-4.997 11.091-0.171-0.118-0.343-0.224-0.52-0.312l-4.926-2.463c-0.442-0.221-0.717-0.666-0.717-1.16v-1.72c0.114-0.141 0.234-0.3 0.359-0.475 0.638-0.901 1.149-1.903 1.522-2.981 0.737-0.35 1.213-1.084 1.213-1.914v-2.063c0-0.504-0.185-0.994-0.516-1.378v-2.715c0.030-0.303 0.137-2.006-1.096-3.412-1.072-1.224-2.808-1.844-5.159-1.844s-4.087 0.62-5.159 1.843c-1.233 1.406-1.126 3.11-1.096 3.412v2.715c-0.33 0.385-0.516 0.874-0.516 1.378v2.063c0 0.641 0.287 1.238 0.78 1.641 0.471 1.846 1.441 3.244 1.8 3.717v1.684c0 0.475-0.259 0.911-0.676 1.139l-4.6 2.509c-0.147 0.080-0.292 0.173-0.438 0.277-3.025-2.718-4.931-6.657-4.931-11.034z\"><\/path><\/svg><\/span><span class=\"wpcf7-form-control-wrap\" data-name=\"text-334\"><input size=\"40\" maxlength=\"400\" class=\"wpcf7-form-control wpcf7-text form-control\" aria-invalid=\"false\" placeholder=\"Your name*\" value=\"\" type=\"text\" name=\"text-334\" \/><\/span>\n\t\t<\/p>\n\t<\/div>\n\t<div class=\"row row-xs-space mt-1\">\n\t\t<div class=\"col-sm-6\">\n\t\t\t<div class=\"input-group\">\n\t\t\t\t<p><span><svg class=\"icon icon-email-2\" version=\"1.1\" xmlns=\"http:\/\/www.w3.org\/2000\/svg\" width=\"32\" height=\"32\" viewBox=\"0 0 32 32\"><path d=\"M29.188 3.813h-26.375c-1.549 0-2.813 1.262-2.813 2.813v18.75c0 1.545 1.258 2.813 2.813 2.813h26.375c1.545 0 2.813-1.258 2.813-2.813v-18.75c0-1.545-1.258-2.813-2.813-2.813zM28.799 5.688l-12.739 12.74-12.85-12.74h25.589zM1.875 24.987v-17.982l9.030 8.953-9.030 9.030zM3.201 26.313l9.036-9.036 3.166 3.139c0.367 0.363 0.958 0.362 1.323-0.003l3.087-3.087 8.987 8.987h-25.598zM30.125 24.987l-8.987-8.987 8.987-8.987v17.973z\"><\/path><\/svg><\/span><span class=\"wpcf7-form-control-wrap\" data-name=\"your-name\"><input size=\"40\" maxlength=\"400\" class=\"wpcf7-form-control wpcf7-text wpcf7-validates-as-required form-control\" aria-required=\"true\" aria-invalid=\"false\" placeholder=\"Your Email*\" value=\"\" type=\"text\" name=\"your-name\" \/><\/span>\n\t\t\t\t<\/p>\n\t\t\t<\/div>\n\t\t<\/div>\n\t\t<div class=\"col-sm-6\">\n\t\t\t<div class=\"input-group\">\n\t\t\t\t<p><span><svg class=\"icon icon-smartphone\" version=\"1.1\" xmlns=\"http:\/\/www.w3.org\/2000\/svg\" width=\"32\" height=\"32\" viewBox=\"0 0 32 32\"><path d=\"M25.636 29.509v-27.025c0-1.366-1.111-2.484-2.484-2.484h-14.304c-1.366 0-2.484 1.111-2.484 2.484v27.032c0 1.366 1.111 2.484 2.484 2.484h14.304c1.366-0.007 2.484-1.118 2.484-2.491zM7.966 5.759h16.062v18.187h-16.062v-18.187zM8.848 1.602h14.304c0.484 0 0.883 0.392 0.883 0.883v1.674h-16.069v-1.674c0-0.49 0.399-0.883 0.883-0.883zM7.966 29.509v-3.968h16.062v3.968c0 0.484-0.392 0.883-0.883 0.883h-14.297c-0.484 0-0.883-0.392-0.883-0.883z\"><\/path><path d=\"M17.621 27.234h-3.249c-0.445 0-0.804 0.36-0.804 0.804s0.36 0.804 0.804 0.804h3.249c0.445 0 0.804-0.36 0.804-0.804s-0.36-0.804-0.804-0.804z\"><\/path><\/svg><\/span><span class=\"wpcf7-form-control-wrap\" data-name=\"your-phone\"><input size=\"40\" maxlength=\"400\" class=\"wpcf7-form-control wpcf7-text form-control\" aria-invalid=\"false\" placeholder=\"Your Phone\" value=\"\" type=\"text\" name=\"your-phone\" \/><\/span>\n\t\t\t\t<\/p>\n\t\t\t<\/div>\n\t\t<\/div>\n\t<\/div>\n\t<div class=\"row row-xs-space mt-1\">\n\t\t<div class=\"col-sm-6\">\n\t\t\t<div class=\"input-group\">\n\t\t\t\t<p><span><svg class=\"icon icon-birthday-cake-with-candle\" version=\"1.1\" xmlns=\"http:\/\/www.w3.org\/2000\/svg\" width=\"32\" height=\"32\" viewBox=\"0 0 32 32\"><path d=\"M31.233 26.019h-2.55c-0.003 0-0.006 0-0.008 0h-2.294v-6.154c0.157-0.053 0.335-0.083 0.559-0.083 0.424 0 0.767-0.344 0.767-0.767v-1.839c0-2.116-1.721-3.837-3.837-3.837h-5.875v-4.288c0-0.424-0.344-0.767-0.767-0.767h-2.456c-0.424 0-0.767 0.344-0.767 0.767v4.288h-5.875c-2.116 0-3.837 1.721-3.837 3.837v1.839c0 0.424 0.344 0.767 0.767 0.767 0.223 0 0.402 0.030 0.559 0.083v6.154h-2.295c-0.002 0-0.003 0-0.005 0h-2.552c-0.424 0-0.767 0.344-0.767 0.767s0.344 0.767 0.767 0.767h1.92l0.7 3.512c0.072 0.359 0.387 0.617 0.753 0.617h23.719c0.366 0 0.681-0.258 0.753-0.617l0.7-3.512h1.92c0.424 0 0.767-0.344 0.767-0.767s-0.344-0.767-0.767-0.767zM15.54 9.818h0.921v3.521h-0.921v-3.521zM5.827 17.176c0-1.269 1.033-2.302 2.302-2.302h15.741c1.269 0 2.302 1.033 2.302 2.302v1.154c-0.718 0.164-1.169 0.545-1.55 0.865-0.42 0.353-0.698 0.587-1.329 0.587s-0.909-0.234-1.329-0.587c-0.502-0.422-1.126-0.948-2.318-0.948s-1.816 0.526-2.317 0.948c-0.42 0.353-0.697 0.587-1.329 0.587s-0.909-0.234-1.329-0.587c-0.502-0.422-1.126-0.948-2.317-0.948s-1.816 0.526-2.317 0.948c-0.42 0.353-0.697 0.587-1.329 0.587s-0.909-0.234-1.329-0.587c-0.381-0.321-0.833-0.701-1.55-0.865v-1.154zM7.154 20.929c0.391 0.221 0.882 0.388 1.553 0.388 1.192 0 1.816-0.526 2.317-0.948 0.42-0.354 0.697-0.587 1.329-0.587s0.909 0.234 1.329 0.587c0.502 0.422 1.126 0.948 2.317 0.948s1.816-0.526 2.317-0.948c0.42-0.354 0.697-0.587 1.329-0.587s0.909 0.234 1.329 0.587c0.502 0.422 1.126 0.948 2.318 0.948 0.671 0 1.163-0.167 1.553-0.388v5.090h-17.692v-5.090zM27.23 30.148h-22.46l-0.517-2.594h23.495l-0.517 2.594z\"><\/path><path d=\"M16 7.516c1.562 0 2.832-1.27 2.832-2.832 0-1.317-1.718-3.466-2.244-4.093-0.146-0.174-0.361-0.274-0.588-0.274s-0.442 0.1-0.588 0.274c-0.526 0.627-2.244 2.775-2.244 4.093 0 1.562 1.27 2.832 2.832 2.832zM16 2.325c0.698 0.942 1.297 1.955 1.297 2.359 0 0.715-0.582 1.297-1.297 1.297s-1.297-0.582-1.297-1.297c0-0.403 0.6-1.417 1.297-2.359z\"><\/path><\/svg><\/span><span class=\"wpcf7-form-control-wrap\" data-name=\"your-age\"><input size=\"40\" maxlength=\"400\" class=\"wpcf7-form-control wpcf7-text form-control\" aria-invalid=\"false\" placeholder=\"Your Age\" value=\"\" type=\"text\" name=\"your-age\" \/><\/span>\n\t\t\t\t<\/p>\n\t\t\t<\/div>\n\t\t<\/div>\n\t<\/div>\n\t<div class=\"selectWrapper input-group mt-1\">\n\t\t<p><span class=\"ws-form-icons__icon-wrapper\"><svg class=\"icon icon-tooth\" version=\"1.1\" xmlns=\"http:\/\/www.w3.org\/2000\/svg\" width=\"32\" height=\"32\" viewBox=\"0 0 32 32\"><path d=\"M25.206 15.362c1.667-3.746 3.206-9.152 2.073-12.066-1.607-4.12-5.046-3.44-8.079-2.846-1.080 0.213-2.2 0.433-3.2 0.433s-2.12-0.22-3.2-0.433c-3.033-0.6-6.466-1.273-8.079 2.846-1.133 2.906 0.407 8.319 2.073 12.066 0.047 0.107 0.067 0.22 0.053 0.333-0.16 1.567-0.24 3.146-0.233 4.72 0 4.3 0.653 11.586 3.086 11.586 2.086 0 2.373-2.766 2.68-5.699 0.433-4.22 0.953-7.206 3.62-7.206 2.626 0 3.133 2.96 3.566 7.133 0.307 2.966 0.593 5.766 2.733 5.766 2.44 0 3.093-7.286 3.093-11.586 0-1.573-0.073-3.146-0.233-4.72-0.020-0.107 0-0.227 0.047-0.327zM22.293 30.667c-0.933 0-1.187-2.433-1.407-4.573-0.387-3.713-0.86-8.333-4.893-8.333-4.073 0-4.56 4.66-4.946 8.399-0.22 2.113-0.467 4.506-1.32 4.506-0.64-0.26-1.787-3.9-1.787-10.259-0.007-1.533 0.073-3.060 0.227-4.58 0.033-0.347-0.020-0.693-0.16-1.007-1.993-4.486-2.833-9.026-2.046-11.039 0.733-1.873 1.846-2.446 3.426-2.446 0.9 0 1.94 0.187 3.153 0.427 1.147 0.227 2.333 0.46 3.46 0.46s2.313-0.233 3.46-0.46c3.333-0.66 5.433-0.913 6.579 2.020 0.787 2.013-0.060 6.553-2.046 11.039-0.14 0.32-0.2 0.667-0.16 1.020 0.153 1.52 0.227 3.046 0.227 4.58-0.007 6.346-1.153 9.992-1.767 10.246z\"><\/path><\/svg><\/span><span class=\"wpcf7-form-control-wrap\" data-name=\"requestservice\"><select class=\"wpcf7-form-control wpcf7-select form-control\" aria-invalid=\"false\" name=\"requestservice\"><option value=\"Cosmetic Dentistry\">Cosmetic Dentistry<\/option><option value=\"General Dentistry\">General Dentistry<\/option><option value=\"Orthodontics\">Orthodontics<\/option><option value=\"Children`s Dentistry\">Children`s Dentistry<\/option><option value=\"Dental Implants\">Dental Implants<\/option><option value=\"Dental Emergency\">Dental Emergency<\/option><\/select><\/span>\n\t\t<\/p>\n\t<\/div>\n\t<div class=\"input-group flex-nowrap mt-1 ws-form-icons__date\">\n\t\t<p><span><svg class=\"icon icon-calendar\" version=\"1.1\" xmlns=\"http:\/\/www.w3.org\/2000\/svg\" width=\"32\" height=\"32\" viewBox=\"0 0 32 32\"><path d=\"M14.887 14.553h2.227v2.227h-2.227v-2.227z\"><\/path><path d=\"M26.91 3.977h-1.336v-2.227h-2.227v2.227h-14.695v-2.227h-2.227v2.227h-1.336c-1.842 0-3.34 1.498-3.34 3.34v19.594c0 1.842 1.498 3.34 3.34 3.34h11.454c-0.77-0.635-1.44-1.387-1.985-2.227h-9.468c-0.614 0-1.113-0.5-1.113-1.113v-14.695h24.047v2.343c0.84 0.545 1.591 1.216 2.227 1.985v-9.227c0-1.842-1.498-3.34-3.34-3.34zM28.023 9.988h-24.047v-2.672c0-0.614 0.5-1.113 1.113-1.113h1.336v2.227h2.227v-2.227h14.695v2.227h2.227v-2.227h1.336c0.614 0 1.113 0.5 1.113 1.113v2.672z\"><\/path><path d=\"M22.735 15.221c-4.144 0-7.515 3.371-7.515 7.515s3.371 7.515 7.515 7.515 7.515-3.371 7.515-7.515-3.371-7.515-7.515-7.515zM22.735 28.023c-2.916 0-5.288-2.372-5.288-5.288s2.372-5.288 5.288-5.288 5.288 2.372 5.288 5.288-2.372 5.288-5.288 5.288z\"><\/path><path d=\"M23.793 19.006h-2.227v4.843h4.119v-2.227h-1.893z\"><\/path><path d=\"M10.434 19.006h2.227v2.227h-2.227v-2.227z\"><\/path><path d=\"M5.98 19.006h2.227v2.227h-2.227v-2.227z\"><\/path><path d=\"M5.98 14.553h2.227v2.227h-2.227v-2.227z\"><\/path><path d=\"M5.98 23.459h2.227v2.227h-2.227v-2.227z\"><\/path><path d=\"M10.434 14.553h2.227v2.227h-2.227v-2.227z\"><\/path><path d=\"M10.434 23.459h2.227v2.227h-2.227v-2.227z\"><\/path><\/svg><\/span><span class=\"wpcf7-form-control-wrap\" data-name=\"requestdate\"><input class=\"wpcf7-form-control wpcf7-date wpcf7-validates-as-date form-control datetimepicker\" aria-invalid=\"false\" value=\"\" type=\"date\" name=\"requestdate\" \/><\/span>\n\t\t<\/p>\n\t<\/div>\n\t<div class=\"mt-1\">\n\t\t<p><span class=\"wpcf7-form-control-wrap\" data-name=\"bookingmessage\"><textarea cols=\"40\" rows=\"10\" maxlength=\"2000\" class=\"wpcf7-form-control wpcf7-textarea form-control form-control-textarea\" aria-invalid=\"false\" placeholder=\"Your comment\" name=\"bookingmessage\"><\/textarea><\/span>\n\t\t<\/p>\n\t<\/div>\n\t<div class=\"text-right mt-2\">\n\t\t<p><input class=\"wpcf7-form-control wpcf7-submit has-spinner btn btn-sm btn-fill\" type=\"submit\" value=\"Book now\" \/>\n\t\t<\/p>\n\t<\/div>\n<\/div><div class=\"wpcf7-response-output\" aria-hidden=\"true\"><\/div>\n<\/form>\n<\/div>\n[\/vc_column_inner][\/vc_row_inner][\/vc_column][\/vc_row]<\/p>\n<\/section>","protected":false},"excerpt":{"rendered":"<p>[vc_row rsclass=\u00bbclean\u00bb el_class=\u00bbrow\u00bb][vc_column width=\u00bb1\/4&#8243; rsclass=\u00bbclean\u00bb el_class=\u00bbcol-md\u00bb][vc_single_image image=\u00bb4150&#8243; img_size=\u00bbfull\u00bb style=\u00bbvc_box_border_circle_2&#8243; border_color=\u00bbpeacoc\u00bb rsclass=\u00bbclean\u00bb el_class=\u00bbdoctor-page-photo text-center tt_pt_3&#8243; rs_image_class=\u00bbimg-fluid\u00bb][\/vc_single_image][vc_column_text rsclass=\u00bbclean\u00bb] Cataratas Cirug\u00eda reconstructiva de segmento anterior Glaucoma Cirug\u00eda refractiva LASIK\/PRK Cirug\u00eda refractiva: lentes intraoculares f\u00e1quicos, multifocales, t\u00f3ricos Valor Consulta Particular: $ 105.000.- Valor Isapres sin convenio\u00a0$ 90.000.- Atiende pacientes desde los 14 a\u00f1os.\u00a0 [\/vc_column_text][vc_row_inner][vc_column_inner][vc_btn title=\u00bbRESERVAR HORA\u00bb style=\u00bbflat\u00bb color=\u00bbpeacoc\u00bb size=\u00bbxs\u00bb <\/p>\n<div class=\"btn-more-wrapper\"><a href=\"https:\/\/centrodelavision.cl\/sn\/dr-juan-jose-mura-castro\/\" class=\"btn btn-sm btn-hover-fill\"><svg class=\"icon icon-right-arrow\" version=\"1.1\" xmlns=\"http:\/\/www.w3.org\/2000\/svg\" width=\"32\" height=\"32\" viewBox=\"0 0 32 32\"><path d=\"M21.548 5.088c-0.436-0.451-1.162-0.451-1.613 0-0.436 0.436-0.436 1.162 0 1.596l8.177 8.177h-26.984c-0.629 0.001-1.129 0.501-1.129 1.13s0.5 1.145 1.129 1.145h26.984l-8.177 8.162c-0.436 0.451-0.436 1.178 0 1.613 0.451 0.451 1.178 0.451 1.613 0l10.113-10.113c0.451-0.436 0.451-1.162 0-1.596l-10.113-10.114z\"><\/path><\/svg>Read More<span class=\"screen-reader-text\"> \u00abDR. JUAN JOSE MURA\u00bb<\/span><svg class=\"icon icon-right-arrow\" version=\"1.1\" xmlns=\"http:\/\/www.w3.org\/2000\/svg\" width=\"32\" height=\"32\" viewBox=\"0 0 32 32\"><path d=\"M21.548 5.088c-0.436-0.451-1.162-0.451-1.613 0-0.436 0.436-0.436 1.162 0 1.596l8.177 8.177h-26.984c-0.629 0.001-1.129 0.501-1.129 1.13s0.5 1.145 1.129 1.145h26.984l-8.177 8.162c-0.436 0.451-0.436 1.178 0 1.613 0.451 0.451 1.178 0.451 1.613 0l10.113-10.113c0.451-0.436 0.451-1.162 0-1.596l-10.113-10.114z\"><\/path><\/svg><\/a><\/div>\n","protected":false},"author":1,"featured_media":0,"parent":0,"menu_order":0,"comment_status":"closed","ping_status":"closed","template":"","meta":{"_monsterinsights_skip_tracking":false,"_monsterinsights_sitenote_active":false,"_monsterinsights_sitenote_note":"","_monsterinsights_sitenote_category":0,"footnotes":""},"class_list":["post-2329","page","type-page","status-publish","hentry"],"aioseo_notices":[],"_links":{"self":[{"href":"https:\/\/centrodelavision.cl\/sn\/wp-json\/wp\/v2\/pages\/2329","targetHints":{"allow":["GET"]}}],"collection":[{"href":"https:\/\/centrodelavision.cl\/sn\/wp-json\/wp\/v2\/pages"}],"about":[{"href":"https:\/\/centrodelavision.cl\/sn\/wp-json\/wp\/v2\/types\/page"}],"author":[{"embeddable":true,"href":"https:\/\/centrodelavision.cl\/sn\/wp-json\/wp\/v2\/users\/1"}],"replies":[{"embeddable":true,"href":"https:\/\/centrodelavision.cl\/sn\/wp-json\/wp\/v2\/comments?post=2329"}],"version-history":[{"count":32,"href":"https:\/\/centrodelavision.cl\/sn\/wp-json\/wp\/v2\/pages\/2329\/revisions"}],"predecessor-version":[{"id":5294,"href":"https:\/\/centrodelavision.cl\/sn\/wp-json\/wp\/v2\/pages\/2329\/revisions\/5294"}],"wp:attachment":[{"href":"https:\/\/centrodelavision.cl\/sn\/wp-json\/wp\/v2\/media?parent=2329"}],"curies":[{"name":"wp","href":"https:\/\/api.w.org\/{rel}","templated":true}]}}