{"id":3195,"date":"2022-02-07T06:34:56","date_gmt":"2022-02-07T06:34:56","guid":{"rendered":"https:\/\/centrodelavision.cl\/sn\/?page_id=3195"},"modified":"2022-02-07T15:49:28","modified_gmt":"2022-02-07T15:49:28","slug":"oftalmologia-pediatrica","status":"publish","type":"page","link":"https:\/\/centrodelavision.cl\/sn\/oftalmologia-pediatrica\/","title":{"rendered":"Oftalmolog\u00eda Pedi\u00e1trica"},"content":{"rendered":"<section class=\"wpb-content-wrapper\"><p>[vc_row video_bg=\u00bbyes\u00bb video_bg_url=\u00bbhttps:\/\/centrodelavision.cl\/videos\/video1.mp4&#8243; rsclass=\u00bbclean\u00bb el_class=\u00bbcontainer\u00bb][vc_column video_bg=\u00bbyes\u00bb video_bg_url=\u00bbhttps:\/\/centrodelavision.cl\/videos\/video1.mp4&#8243; rsclass=\u00bbclean\u00bb][vc_empty_space][vc_row_inner rsclass=\u00bbclean\u00bb el_class=\u00bbrow\u00bb][vc_column_inner el_class=\u00bbcol-lg-6 text-center text-lg-left pr-md-4&#8243; width=\u00bb1\/2&#8243; rsclass=\u00bbclean\u00bb][vc_custom_heading text=\u00bbControl y Diagn\u00f3stico\u00bb font_container=\u00bbtag:h2|text_align:left|color:%232276bf\u00bb use_theme_fonts=\u00bbyes\u00bb rs_decor_place=\u00bb2&#8243;][\/vc_custom_heading][vc_empty_space][vc_column_text]Realizar un control y diagn\u00f3stico oportuno es fundamental para que no les afecte en sus actividades diarias y poder detectar tambi\u00e9n otro tipo de patolog\u00edas. Conoce cu\u00e1les son las se\u00f1ales de alerta. Controlar la salud visual de los ni\u00f1os es igual de importante que hacerlo en la edad adulta. De hecho, la recomendaci\u00f3n de los especialistas es realizar <strong>el primer chequeo oftalmol\u00f3gico a los 4 a\u00f1os de edad<\/strong>, siempre y cuando no se detecte alg\u00fan signo sospechoso antes de eso.<\/p>\n<p>Seg\u00fan explica el\u00a0doctor Francisco Conte,\u00a0<a href=\"https:\/\/www.centrodelavision.cl\/\">oftalm\u00f3logo del Centro de la Visi\u00f3n<\/a>, los principales problemas a la vista que presentan los ni\u00f1os en nuestro pa\u00eds son\u00a0<strong>miop\u00eda<\/strong><strong>, astigmatismo e hipermetrop\u00eda.<\/strong><\/p>\n<p>\u201cEstos\u00a0<strong>errores refractivos<\/strong>\u00a0constituyen la principal causa de limitaci\u00f3n visual entre los escolares chilenos, lo que implica que el ni\u00f1o es incapaz de realizar sus actividades diarias en forma normal. Seg\u00fan un estudio realizado hace quince a\u00f1os en este grupo, los escolares con limitaci\u00f3n visual llegaban al 8,6% en el a\u00f1o 2000, porcentaje que aument\u00f3 a cerca de 15% en un estudio m\u00e1s reciente\u201d, comenta el especialista.[\/vc_column_text][vc_empty_space][vc_single_image image=\u00bb3204&#8243; img_size=\u00bbfull\u00bb alignment=\u00bbcenter\u00bb style=\u00bbvc_box_shadow_border_circle\u00bb][\/vc_single_image][vc_empty_space][vc_column_text]Luego vienen problemas relacionados con la ambliop\u00eda u \u201cojo flojo\u201d y el estrabismo o desviaci\u00f3n de los ojos.<br \/>\n\u201cNo hay causas claras del incremento de los errores refractivos y hasta ahora s\u00f3lo existen hip\u00f3tesis como que las condiciones gen\u00e9ticas de la poblaci\u00f3n chilena la hacen m\u00e1s susceptible a este tipo de errores. Sin embargo, una de las teor\u00edas que tiene mayor fundamento cient\u00edfico es, para el caso espec\u00edfico de la miop\u00eda, que este problema se podr\u00eda manifestar por el hecho de que en la actualidad los ni\u00f1os tienden a permanecer m\u00e1s horas en actividades \u201cindoor\u201d o bajo techo, con menor contacto con la luz radiante al sol, atra\u00eddos muchas veces por actividades frente a pantallas de diversos tipos\u201d, dice el <a href=\"https:\/\/centrodelavision.cl\/sn\/dr-francisco-jose-conte-silva\/\">doctor Conte<\/a>.<\/p>\n<p><strong>Controlar a tiempo<\/strong><\/p>\n<p>Lo importante es consultar siempre que haya sospecha de un\u00a0<strong>trastorno de la visi\u00f3n<\/strong>, ya sea porque se detecta algunos de los s\u00edntomas de los errores refractivos, porque existe una desviaci\u00f3n de los ojos (estrabismo) o porque se presenta cualquier alteraci\u00f3n de la anatom\u00eda de los mismos, como, por ejemplo, una\u00a0<strong>ca\u00edda de los p\u00e1rpados (ptosis) o una pupila alterada de tama\u00f1o (discoria) o de color blanco (leucocoria).<\/strong>\u201cTodo ni\u00f1o debe realizarse un chequeo en forma preventiva a los 4 a\u00f1os, ya que muchas veces no hay mayores s\u00edntomas visibles de una enfermedad visual para el pediatra, los padres o los profesores, que s\u00ed puede ser detectada por un especialista\u201d, comenta el doctor Conte. Luego, si el ni\u00f1o tiene lentes recetados, el control debe hacerse al menos una vez por a\u00f1o, salvo que el oftalm\u00f3logo lo cite con otra periodicidad.Si en el primer control no se encontr\u00f3 ninguna patolog\u00eda y no hay antecedentes oftalmol\u00f3gicos importantes en la familia directa, se sugiere un control cada dos a\u00f1os hasta los 8 a\u00f1os de edad.[\/vc_column_text][\/vc_column_inner][vc_column_inner width=\u00bb1\/2&#8243;][vc_separator][vc_single_image image=\u00bb3198&#8243; img_size=\u00bbfull\u00bb style=\u00bbvc_box_shadow_border\u00bb onclick=\u00bbcustom_link\u00bb img_link_target=\u00bb_blank\u00bb css_animation=\u00bbbounceIn\u00bb rsclass=\u00bbclean\u00bb rs_image_class=\u00bbw-100&#8243; link=\u00bbhttps:\/\/centrodelavision.cl\/videos\/video1.mp4&#8243;][\/vc_single_image][vc_empty_space][vc_column_text]<\/p>\n<h2><span style=\"color: #2276bf;\">Prevenir es mejor que curar<\/span><\/h2>\n<div class=\"mt-0 mt-md-4\"><\/div>\n<div class=\"et_pb_module et_pb_text et_pb_text_3 et_pb_text_align_left et_pb_bg_layout_light\">\n<div class=\"et_pb_text_inner\">\n<p>Miop\u00eda, astigmatismo e hipermetrop\u00eda son los problemas visuales m\u00e1s comunes en ni\u00f1os en nuestro pa\u00eds.<\/p>\n<\/div>\n<\/div>\n<p>[\/vc_column_text][vc_empty_space][vc_column_text]<strong>Principales enfermedades visuales en ni\u00f1os<\/strong><\/p>\n<ul>\n<li><strong>Miop\u00eda:<\/strong>\u00a0el ni\u00f1o percibe borrosos los objetos lejanos debido a que la imagen se forma delante de la retina, ya sea porque la c\u00f3rnea, el cristalino o ambos son \u00f3pticamente muy potentes, o bien porque el ojo es m\u00e1s largo de lo normal.<\/li>\n<li><strong>Hipermetrop\u00eda:<\/strong>\u00a0se produce porque el ojo es m\u00e1s corto de lo habitual o porque la potencia \u00f3ptica de su cristalino y\/o de su c\u00f3rnea es menor de lo normal, afectando principalmente la visi\u00f3n de cerca. Muchos ni\u00f1os tienen hipermetrop\u00eda como condici\u00f3n fisiol\u00f3gica mientras su ojo est\u00e1 aumentando de longitud durante el desarrollo. En el caso de los ni\u00f1os o j\u00f3venes que tienen hipermetrop\u00eda no muy alta, pueden no manifestar s\u00edntomas, ya que lo compensan mediante la acomodaci\u00f3n o \u201cenfoque\u201d: el cristalino incrementa su potencia aumentando su espesor y curvatura por la contracci\u00f3n de los m\u00fasculos que lo rodean.<\/li>\n<li><strong>Astigmatismo:<\/strong>\u00a0es cuando la informaci\u00f3n procedente de los objetos que se est\u00e1n observando y que entran en el ojo se enfocan en m\u00e1s de un punto de la retina. Esto provoca una visi\u00f3n distorsionada, ya que en los ojos normales las im\u00e1genes se enfocan en un \u00fanico punto de la retina.<\/li>\n<\/ul>\n<p>[\/vc_column_text][vc_empty_space][vc_single_image image=\u00bb3210&#8243; img_size=\u00bbfull\u00bb style=\u00bbvc_box_shadow_border\u00bb onclick=\u00bbcustom_link\u00bb img_link_target=\u00bb_blank\u00bb css_animation=\u00bbbounceIn\u00bb rsclass=\u00bbclean\u00bb rs_image_class=\u00bbw-100&#8243; link=\u00bbhttps:\/\/centrodelavision.cl\/videos\/video1.mp4&#8243;][\/vc_single_image][\/vc_column_inner][\/vc_row_inner][\/vc_column][\/vc_row]<\/p>\n<\/section>","protected":false},"excerpt":{"rendered":"<p>[vc_row video_bg=\u00bbyes\u00bb video_bg_url=\u00bbhttps:\/\/centrodelavision.cl\/videos\/video1.mp4&#8243; rsclass=\u00bbclean\u00bb el_class=\u00bbcontainer\u00bb][vc_column video_bg=\u00bbyes\u00bb video_bg_url=\u00bbhttps:\/\/centrodelavision.cl\/videos\/video1.mp4&#8243; rsclass=\u00bbclean\u00bb][vc_empty_space][vc_row_inner rsclass=\u00bbclean\u00bb el_class=\u00bbrow\u00bb][vc_column_inner el_class=\u00bbcol-lg-6 text-center text-lg-left pr-md-4&#8243; width=\u00bb1\/2&#8243; rsclass=\u00bbclean\u00bb][vc_custom_heading text=\u00bbControl y Diagn\u00f3stico\u00bb font_container=\u00bbtag:h2|text_align:left|color:%232276bf\u00bb use_theme_fonts=\u00bbyes\u00bb rs_decor_place=\u00bb2&#8243;][\/vc_custom_heading][vc_empty_space][vc_column_text]Realizar un control y diagn\u00f3stico oportuno es fundamental para que no les afecte en sus actividades diarias y poder detectar tambi\u00e9n otro tipo de patolog\u00edas. Conoce cu\u00e1les son las se\u00f1ales de alerta. Controlar la <\/p>\n<div class=\"btn-more-wrapper\"><a href=\"https:\/\/centrodelavision.cl\/sn\/oftalmologia-pediatrica\/\" class=\"btn btn-sm btn-hover-fill\"><svg class=\"icon icon-right-arrow\" version=\"1.1\" xmlns=\"http:\/\/www.w3.org\/2000\/svg\" width=\"32\" height=\"32\" viewBox=\"0 0 32 32\"><path d=\"M21.548 5.088c-0.436-0.451-1.162-0.451-1.613 0-0.436 0.436-0.436 1.162 0 1.596l8.177 8.177h-26.984c-0.629 0.001-1.129 0.501-1.129 1.13s0.5 1.145 1.129 1.145h26.984l-8.177 8.162c-0.436 0.451-0.436 1.178 0 1.613 0.451 0.451 1.178 0.451 1.613 0l10.113-10.113c0.451-0.436 0.451-1.162 0-1.596l-10.113-10.114z\"><\/path><\/svg>Read More<span class=\"screen-reader-text\"> \u00abOftalmolog\u00eda Pedi\u00e1trica\u00bb<\/span><svg class=\"icon icon-right-arrow\" version=\"1.1\" xmlns=\"http:\/\/www.w3.org\/2000\/svg\" width=\"32\" height=\"32\" viewBox=\"0 0 32 32\"><path d=\"M21.548 5.088c-0.436-0.451-1.162-0.451-1.613 0-0.436 0.436-0.436 1.162 0 1.596l8.177 8.177h-26.984c-0.629 0.001-1.129 0.501-1.129 1.13s0.5 1.145 1.129 1.145h26.984l-8.177 8.162c-0.436 0.451-0.436 1.178 0 1.613 0.451 0.451 1.178 0.451 1.613 0l10.113-10.113c0.451-0.436 0.451-1.162 0-1.596l-10.113-10.114z\"><\/path><\/svg><\/a><\/div>\n","protected":false},"author":1,"featured_media":0,"parent":0,"menu_order":0,"comment_status":"closed","ping_status":"closed","template":"","meta":{"_monsterinsights_skip_tracking":false,"_monsterinsights_sitenote_active":false,"_monsterinsights_sitenote_note":"","_monsterinsights_sitenote_category":0,"footnotes":""},"class_list":["post-3195","page","type-page","status-publish","hentry"],"aioseo_notices":[],"_links":{"self":[{"href":"https:\/\/centrodelavision.cl\/sn\/wp-json\/wp\/v2\/pages\/3195","targetHints":{"allow":["GET"]}}],"collection":[{"href":"https:\/\/centrodelavision.cl\/sn\/wp-json\/wp\/v2\/pages"}],"about":[{"href":"https:\/\/centrodelavision.cl\/sn\/wp-json\/wp\/v2\/types\/page"}],"author":[{"embeddable":true,"href":"https:\/\/centrodelavision.cl\/sn\/wp-json\/wp\/v2\/users\/1"}],"replies":[{"embeddable":true,"href":"https:\/\/centrodelavision.cl\/sn\/wp-json\/wp\/v2\/comments?post=3195"}],"version-history":[{"count":15,"href":"https:\/\/centrodelavision.cl\/sn\/wp-json\/wp\/v2\/pages\/3195\/revisions"}],"predecessor-version":[{"id":3213,"href":"https:\/\/centrodelavision.cl\/sn\/wp-json\/wp\/v2\/pages\/3195\/revisions\/3213"}],"wp:attachment":[{"href":"https:\/\/centrodelavision.cl\/sn\/wp-json\/wp\/v2\/media?parent=3195"}],"curies":[{"name":"wp","href":"https:\/\/api.w.org\/{rel}","templated":true}]}}