{"id":3260,"date":"2022-02-09T14:44:00","date_gmt":"2022-02-09T14:44:00","guid":{"rendered":"https:\/\/centrodelavision.cl\/sn\/?page_id=3260"},"modified":"2022-02-10T21:51:08","modified_gmt":"2022-02-10T21:51:08","slug":"solicitud-de-presupuesto-examenes","status":"publish","type":"page","link":"https:\/\/centrodelavision.cl\/sn\/solicitud-de-presupuesto-examenes\/","title":{"rendered":"Solicitud de presupuesto ex\u00e1menes"},"content":{"rendered":"<section class=\"wpb-content-wrapper\"><p>[vc_row video_bg=\u00bbyes\u00bb video_bg_url=\u00bbhttps:\/\/centrodelavision.cl\/videos\/video1.mp4&#8243; rsclass=\u00bbclean\u00bb el_class=\u00bbcontainer\u00bb][vc_column video_bg=\u00bbyes\u00bb video_bg_url=\u00bbhttps:\/\/centrodelavision.cl\/videos\/video1.mp4&#8243; rsclass=\u00bbclean\u00bb][vc_row_inner][vc_column_inner width=\u00bb1\/2&#8243;][vc_column_text]<span style=\"color: #2aa8de;\"><strong>Solicita aqu\u00ed tu presupuesto para ex\u00e1menes<\/strong><\/span>[\/vc_column_text][vc_separator color=\u00bbsky\u00bb][vc_text_separator title=\u00bb\u00bb][\/vc_column_inner][vc_column_inner width=\u00bb1\/2&#8243;][\/vc_column_inner][\/vc_row_inner][vc_row_inner rsclass=\u00bbclean\u00bb el_class=\u00bbrow\u00bb][vc_column_inner el_class=\u00bbcol-lg-6 text-center text-lg-left pr-md-4&#8243; width=\u00bb1\/2&#8243; rsclass=\u00bbclean\u00bb][vc_empty_space]<div class=\"wpforms-container wpforms-container-full\" id=\"wpforms-3258\"><form id=\"wpforms-form-3258\" class=\"wpforms-validate wpforms-form wpforms-ajax-form\" data-formid=\"3258\" method=\"post\" enctype=\"multipart\/form-data\" action=\"\/sn\/wp-json\/wp\/v2\/pages\/3260?wpforms_form_id=3258\" data-token=\"8ad352abb4d622ebd29609c47afc8341\"><div class=\"wpforms-head-container\"><div class=\"wpforms-title\">Solicitud de presupuesto ex\u00e1menes<\/div><div class=\"wpforms-description\">Env\u00edanos tu orden m\u00e9dica y cotiza tu ex\u00e1men con nosotros.<\/div><\/div><noscript class=\"wpforms-error-noscript\">Por favor, activa JavaScript en tu navegador para completar este formulario.<\/noscript><div class=\"wpforms-field-container\"><div id=\"wpforms-3258-field_5-container\" class=\"wpforms-field wpforms-field-name\" data-field-id=\"5\"><label class=\"wpforms-field-label\" for=\"wpforms-3258-field_5\">Nombre Completo: <span class=\"wpforms-required-label\">*<\/span><\/label><div class=\"wpforms-field-row wpforms-field-medium\"><div class=\"wpforms-field-row-block wpforms-first wpforms-one-half\"><input type=\"text\" id=\"wpforms-3258-field_5\" class=\"wpforms-field-name-first wpforms-field-required\" name=\"wpforms[fields][5][first]\" required><label for=\"wpforms-3258-field_5\" class=\"wpforms-field-sublabel after \">Nombre<\/label><\/div><div class=\"wpforms-field-row-block wpforms-one-half\"><input type=\"text\" id=\"wpforms-3258-field_5-last\" class=\"wpforms-field-name-last wpforms-field-required\" name=\"wpforms[fields][5][last]\" required><label for=\"wpforms-3258-field_5-last\" class=\"wpforms-field-sublabel after \">Apellidos<\/label><\/div><\/div><\/div><div id=\"wpforms-3258-field_17-container\" class=\"wpforms-field wpforms-field-number\" data-field-id=\"17\"><label class=\"wpforms-field-label\" for=\"wpforms-3258-field_17\">Rut: <span class=\"wpforms-required-label\">*<\/span><\/label><input type=\"number\" pattern=\"\\d*\" id=\"wpforms-3258-field_17\" class=\"wpforms-field-medium wpforms-field-required\" name=\"wpforms[fields][17]\" required><div class=\"wpforms-field-description\">Ejemplo:128816550<\/div><\/div><div id=\"wpforms-3258-field_25-container\" class=\"wpforms-field wpforms-field-date-time\" data-field-id=\"25\"><label class=\"wpforms-field-label\" for=\"wpforms-3258-field_25\">Fecha de nacimiento: <span class=\"wpforms-required-label\">*<\/span><\/label><div class=\"wpforms-datepicker-wrap\"><input type=\"text\" id=\"wpforms-3258-field_25\" class=\"wpforms-field-date-time-date wpforms-datepicker wpforms-field-required wpforms-field-medium\" data-date-format=\"m\/d\/Y\" data-disable-past-dates=\"0\" data-input=\"true\" name=\"wpforms[fields][25][date]\" required><a title=\"Clear Date\" data-clear class=\"wpforms-datepicker-clear\" style=\"display:none;\"><\/a><\/div><\/div><div id=\"wpforms-3258-field_16-container\" class=\"wpforms-field wpforms-field-email\" data-field-id=\"16\"><label class=\"wpforms-field-label\" for=\"wpforms-3258-field_16\">Correo electr\u00f3nico <span class=\"wpforms-required-label\">*<\/span><\/label><input type=\"email\" id=\"wpforms-3258-field_16\" class=\"wpforms-field-medium wpforms-field-required\" name=\"wpforms[fields][16]\" required><\/div><div id=\"wpforms-3258-field_12-container\" class=\"wpforms-field wpforms-field-phone\" data-field-id=\"12\"><label class=\"wpforms-field-label\" for=\"wpforms-3258-field_12\">Tel\u00e9fono <span class=\"wpforms-required-label\">*<\/span><\/label><input type=\"tel\" id=\"wpforms-3258-field_12\" class=\"wpforms-field-medium wpforms-field-required wpforms-smart-phone-field\" data-rule-smart-phone-field=\"true\" name=\"wpforms[fields][12]\" required><\/div><div id=\"wpforms-3258-field_3-container\" class=\"wpforms-field wpforms-field-text\" data-field-id=\"3\"><label class=\"wpforms-field-label\" for=\"wpforms-3258-field_3\">Previsi\u00f3n (requerido) <span class=\"wpforms-required-label\">*<\/span><\/label><input type=\"text\" id=\"wpforms-3258-field_3\" class=\"wpforms-field-medium wpforms-field-required wpforms-limit-characters-enabled\" data-form-id=\"3258\" data-field-id=\"3\" data-text-limit=\"20\" name=\"wpforms[fields][3]\" maxlength=\"20\" required><\/div><div id=\"wpforms-3258-field_19-container\" class=\"wpforms-field wpforms-field-file-upload\" data-field-id=\"19\"><label class=\"wpforms-field-label\" for=\"wpforms-3258-field_19\">Enviar orden M\u00e9dica(ex\u00e1menes) <span class=\"wpforms-required-label\">*<\/span><\/label><div\n\t\tclass=\"wpforms-uploader\"\n\t\tdata-field-id=\"19\"\n\t\tdata-form-id=\"3258\"\n\t\tdata-input-name=\"wpforms_3258_19\"\n\t\tdata-extensions=\"pdf,jpg,png\"\n\t\tdata-max-size=\"2097152\"\n\t\tdata-max-file-number=\"1\"\n\t\tdata-post-max-size=\"536870912\"\n\t\tdata-max-parallel-uploads=\"4\"\n\t\tdata-parallel-uploads=\"true\"\n\t\tdata-file-chunk-size=\"2097152\">\n\t<div class=\"dz-message\">\n\t\t<svg viewBox=\"0 0 1024 1024\" focusable=\"false\" data-icon=\"inbox\" width=\"50px\" height=\"50px\" fill=\"#b1b1b1\" aria-hidden=\"true\">\n\t\t\t<path d=\"M885.2 446.3l-.2-.8-112.2-285.1c-5-16.1-19.9-27.2-36.8-27.2H281.2c-17 0-32.1 11.3-36.9 27.6L139.4 443l-.3.7-.2.8c-1.3 4.9-1.7 9.9-1 14.8-.1 1.6-.2 3.2-.2 4.8V830a60.9 60.9 0 0 0 60.8 60.8h627.2c33.5 0 60.8-27.3 60.9-60.8V464.1c0-1.3 0-2.6-.1-3.7.4-4.9 0-9.6-1.3-14.1zm-295.8-43l-.3 15.7c-.8 44.9-31.8 75.1-77.1 75.1-22.1 0-41.1-7.1-54.8-20.6S436 441.2 435.6 419l-.3-15.7H229.5L309 210h399.2l81.7 193.3H589.4zm-375 76.8h157.3c24.3 57.1 76 90.8 140.4 90.8 33.7 0 65-9.4 90.3-27.2 22.2-15.6 39.5-37.4 50.7-63.6h156.5V814H214.4V480.1z\"><\/path>\n\t\t<\/svg>\n\t\t<span class=\"modern-title\">Click or drag a file to this area to upload.<\/span>\n\n\t\t\t<\/div>\n<\/div>\n<input\n\t\ttype=\"text\"\n\t\tautocomplete=\"off\"\n\t\tclass=\"dropzone-input\"\n\t\tstyle=\"position:absolute!important;clip:rect(0,0,0,0)!important;height:1px!important;width:1px!important;border:0!important;overflow:hidden!important;padding:0!important;margin:0!important;\"\n\t\tid=\"wpforms-3258-field_19\"\n\t\tname=\"wpforms_3258_19\" required\t\tvalue=\"\">\n<div class=\"wpforms-field-description\">Env\u00edanos tu orden m\u00e9dica y cotiza ex\u00e1men con nosotros.<\/div><\/div><div id=\"wpforms-3258-field_10-container\" class=\"wpforms-field wpforms-field-textarea\" data-field-id=\"10\"><label class=\"wpforms-field-label\" for=\"wpforms-3258-field_10\">Observaciones<\/label><textarea id=\"wpforms-3258-field_10\" class=\"wpforms-field-medium\" name=\"wpforms[fields][10]\" ><\/textarea><\/div><\/div><div class=\"wpforms-recaptcha-container wpforms-is-recaptcha\"><div class=\"g-recaptcha\" data-sitekey=\"6Lf9Ab4hAAAAAFLyUzN35gXLwFpVA279S2qhlaUD\"><\/div><input type=\"text\" name=\"g-recaptcha-hidden\" class=\"wpforms-recaptcha-hidden\" style=\"position:absolute!important;clip:rect(0,0,0,0)!important;height:1px!important;width:1px!important;border:0!important;overflow:hidden!important;padding:0!important;margin:0!important;\" required><\/div><div class=\"wpforms-submit-container\"><input type=\"hidden\" name=\"wpforms[id]\" value=\"3258\"><input type=\"hidden\" name=\"wpforms[author]\" value=\"1\"><button type=\"submit\" name=\"wpforms[submit]\" id=\"wpforms-submit-3258\" class=\"wpforms-submit\" data-alt-text=\"Enviando...\" data-submit-text=\"Enviar\" aria-live=\"assertive\" value=\"wpforms-submit\">Enviar<\/button><img loading=\"lazy\" decoding=\"async\" src=\"https:\/\/centrodelavision.cl\/sn\/wp-content\/plugins\/wpforms\/assets\/images\/submit-spin.svg\" class=\"wpforms-submit-spinner\" style=\"display: none;\" width=\"26\" height=\"26\" alt=\"Cargando\"><\/div><\/form><\/div>  <!-- .wpforms-container -->[\/vc_column_inner][vc_column_inner width=\u00bb1\/2&#8243;][vc_separator][vc_single_image image=\u00bb3122&#8243; img_size=\u00bbfull\u00bb onclick=\u00bbcustom_link\u00bb img_link_target=\u00bb_blank\u00bb css_animation=\u00bbbounceIn\u00bb rsclass=\u00bbclean\u00bb rs_image_class=\u00bbw-100&#8243; link=\u00bbhttps:\/\/centrodelavision.cl\/videos\/video1.mp4&#8243;][\/vc_single_image][vc_empty_space][vc_btn title=\u00bbEX\u00c1MENES &#8211; CENTRO DE DIAGNOSTICO CEV\u00bb color=\u00bbturquoise\u00bb link=\u00bburl:https%3A%2F%2Fcentrodelavision.cl%2Fsn%2Fexamenes%2F\u00bb][\/vc_column_inner][\/vc_row_inner][\/vc_column][\/vc_row]<\/p>\n<\/section>","protected":false},"excerpt":{"rendered":"<p>[vc_row video_bg=\u00bbyes\u00bb video_bg_url=\u00bbhttps:\/\/centrodelavision.cl\/videos\/video1.mp4&#8243; rsclass=\u00bbclean\u00bb el_class=\u00bbcontainer\u00bb][vc_column video_bg=\u00bbyes\u00bb video_bg_url=\u00bbhttps:\/\/centrodelavision.cl\/videos\/video1.mp4&#8243; rsclass=\u00bbclean\u00bb][vc_row_inner][vc_column_inner width=\u00bb1\/2&#8243;][vc_column_text]Solicita aqu\u00ed tu presupuesto para ex\u00e1menes[\/vc_column_text][vc_separator color=\u00bbsky\u00bb][vc_text_separator title=\u00bb\u00bb][\/vc_column_inner][vc_column_inner width=\u00bb1\/2&#8243;][\/vc_column_inner][\/vc_row_inner][vc_row_inner rsclass=\u00bbclean\u00bb el_class=\u00bbrow\u00bb][vc_column_inner el_class=\u00bbcol-lg-6 text-center text-lg-left pr-md-4&#8243; width=\u00bb1\/2&#8243; rsclass=\u00bbclean\u00bb][vc_empty_space][\/vc_column_inner][vc_column_inner width=\u00bb1\/2&#8243;][vc_separator][vc_single_image image=\u00bb3122&#8243; img_size=\u00bbfull\u00bb onclick=\u00bbcustom_link\u00bb img_link_target=\u00bb_blank\u00bb css_animation=\u00bbbounceIn\u00bb rsclass=\u00bbclean\u00bb rs_image_class=\u00bbw-100&#8243; link=\u00bbhttps:\/\/centrodelavision.cl\/videos\/video1.mp4&#8243;][\/vc_single_image][vc_empty_space][vc_btn title=\u00bbEX\u00c1MENES &#8211; CENTRO DE DIAGNOSTICO CEV\u00bb color=\u00bbturquoise\u00bb link=\u00bburl:https%3A%2F%2Fcentrodelavision.cl%2Fsn%2Fexamenes%2F\u00bb][\/vc_column_inner][\/vc_row_inner][\/vc_column][\/vc_row]<\/p>\n","protected":false},"author":1,"featured_media":0,"parent":0,"menu_order":0,"comment_status":"closed","ping_status":"closed","template":"","meta":{"_monsterinsights_skip_tracking":false,"_monsterinsights_sitenote_active":false,"_monsterinsights_sitenote_note":"","_monsterinsights_sitenote_category":0,"footnotes":""},"class_list":["post-3260","page","type-page","status-publish","hentry"],"aioseo_notices":[],"_links":{"self":[{"href":"https:\/\/centrodelavision.cl\/sn\/wp-json\/wp\/v2\/pages\/3260","targetHints":{"allow":["GET"]}}],"collection":[{"href":"https:\/\/centrodelavision.cl\/sn\/wp-json\/wp\/v2\/pages"}],"about":[{"href":"https:\/\/centrodelavision.cl\/sn\/wp-json\/wp\/v2\/types\/page"}],"author":[{"embeddable":true,"href":"https:\/\/centrodelavision.cl\/sn\/wp-json\/wp\/v2\/users\/1"}],"replies":[{"embeddable":true,"href":"https:\/\/centrodelavision.cl\/sn\/wp-json\/wp\/v2\/comments?post=3260"}],"version-history":[{"count":5,"href":"https:\/\/centrodelavision.cl\/sn\/wp-json\/wp\/v2\/pages\/3260\/revisions"}],"predecessor-version":[{"id":3273,"href":"https:\/\/centrodelavision.cl\/sn\/wp-json\/wp\/v2\/pages\/3260\/revisions\/3273"}],"wp:attachment":[{"href":"https:\/\/centrodelavision.cl\/sn\/wp-json\/wp\/v2\/media?parent=3260"}],"curies":[{"name":"wp","href":"https:\/\/api.w.org\/{rel}","templated":true}]}}